{"id":3686467,"date":"2025-10-13T13:25:35","date_gmt":"2025-10-13T17:25:35","guid":{"rendered":"https:\/\/stoic-curie.212-227-153-4.plesk.page\/product\/teak-wonder-cistac-4-lt\/"},"modified":"2026-02-25T00:00:27","modified_gmt":"2026-02-25T00:00:27","slug":"teak-wonder-cistac-4-lt","status":"publish","type":"product","link":"https:\/\/stoic-curie.212-227-153-4.plesk.page\/hr\/product\/teak-wonder-cistac-4-lt\/","title":{"rendered":"Teak Wonder \u010dista\u010d  4 lt"},"content":{"rendered":"<p>Teak Wonder \u010dista\u010d  4 lt &#8211; <\/p>\n<p>\u010cista\u010d za dubinsko \u010di\u0161\u0107enje drvenih paluba od teka. Neagresivan, ne o\u0161te\u0107uje boju niti druge povr\u0161ine. Treba ga koristiti prije impregniranja Teak Wonder Oil-om.<\/p>\n","protected":false},"excerpt":{"rendered":"<p>Teak Wonder \u010dista\u010d 4 lt &#8211; \u010cista\u010d za dubinsko \u010di\u0161\u0107enje drvenih paluba od teka. Neagresivan, ne o\u0161te\u0107uje boju niti druge<\/p>\n","protected":false},"featured_media":5935670,"comment_status":"closed","ping_status":"closed","template":"","meta":[],"product_brand":[3456],"product_cat":[1625],"product_tag":[],"class_list":{"0":"post-3686467","1":"product","2":"type-product","3":"status-publish","4":"has-post-thumbnail","6":"product_brand-teak-wonder-hr","7":"product_cat-brodski-lak-i-ulje-za-tikovinu","9":"first","10":"instock","11":"shipping-taxable","12":"purchasable","13":"product-type-simple"},"_links":{"self":[{"href":"https:\/\/stoic-curie.212-227-153-4.plesk.page\/hr\/wp-json\/wp\/v2\/product\/3686467","targetHints":{"allow":["GET"]}}],"collection":[{"href":"https:\/\/stoic-curie.212-227-153-4.plesk.page\/hr\/wp-json\/wp\/v2\/product"}],"about":[{"href":"https:\/\/stoic-curie.212-227-153-4.plesk.page\/hr\/wp-json\/wp\/v2\/types\/product"}],"replies":[{"embeddable":true,"href":"https:\/\/stoic-curie.212-227-153-4.plesk.page\/hr\/wp-json\/wp\/v2\/comments?post=3686467"}],"version-history":[{"count":0,"href":"https:\/\/stoic-curie.212-227-153-4.plesk.page\/hr\/wp-json\/wp\/v2\/product\/3686467\/revisions"}],"wp:featuredmedia":[{"embeddable":true,"href":"https:\/\/stoic-curie.212-227-153-4.plesk.page\/hr\/wp-json\/wp\/v2\/media\/5935670"}],"wp:attachment":[{"href":"https:\/\/stoic-curie.212-227-153-4.plesk.page\/hr\/wp-json\/wp\/v2\/media?parent=3686467"}],"wp:term":[{"taxonomy":"product_brand","embeddable":true,"href":"https:\/\/stoic-curie.212-227-153-4.plesk.page\/hr\/wp-json\/wp\/v2\/product_brand?post=3686467"},{"taxonomy":"product_cat","embeddable":true,"href":"https:\/\/stoic-curie.212-227-153-4.plesk.page\/hr\/wp-json\/wp\/v2\/product_cat?post=3686467"},{"taxonomy":"product_tag","embeddable":true,"href":"https:\/\/stoic-curie.212-227-153-4.plesk.page\/hr\/wp-json\/wp\/v2\/product_tag?post=3686467"}],"curies":[{"name":"wp","href":"https:\/\/api.w.org\/{rel}","templated":true}]}}