{"id":3686468,"date":"2025-10-13T13:25:36","date_gmt":"2025-10-13T17:25:36","guid":{"rendered":"https:\/\/stoic-curie.212-227-153-4.plesk.page\/product\/teak-wonder-posvjetljivac-4-lt\/"},"modified":"2026-02-25T00:00:27","modified_gmt":"2026-02-25T00:00:27","slug":"teak-wonder-posvjetljivac-4-lt","status":"publish","type":"product","link":"https:\/\/stoic-curie.212-227-153-4.plesk.page\/hr\/product\/teak-wonder-posvjetljivac-4-lt\/","title":{"rendered":"Teak Wonder posvjetljiva\u010d, 4 lt"},"content":{"rendered":"<p>Teak Wonder posvjetljiva\u010d, 4 lt &#8211; <\/p>\n<p>Obnovitelj i posvjetljiva\u010d boje tikovine. Obnavlja njegovu tipi\u010dnu zlatnu nijansu i isti\u010de drvene zrake. Nije agresivan, ne o\u0161te\u0107uje druge povr\u0161ine ili boje. Koristi se prije impregniranja s Teak Wonder Oil.<\/p>\n","protected":false},"excerpt":{"rendered":"<p>Teak Wonder posvjetljiva\u010d, 4 lt &#8211; Obnovitelj i posvjetljiva\u010d boje tikovine. Obnavlja njegovu tipi\u010dnu zlatnu nijansu i isti\u010de drvene zrake.<\/p>\n","protected":false},"featured_media":5935671,"comment_status":"closed","ping_status":"closed","template":"","meta":[],"product_brand":[3456],"product_cat":[1625],"product_tag":[],"class_list":{"0":"post-3686468","1":"product","2":"type-product","3":"status-publish","4":"has-post-thumbnail","6":"product_brand-teak-wonder-hr","7":"product_cat-brodski-lak-i-ulje-za-tikovinu","9":"first","10":"instock","11":"shipping-taxable","12":"purchasable","13":"product-type-simple"},"_links":{"self":[{"href":"https:\/\/stoic-curie.212-227-153-4.plesk.page\/hr\/wp-json\/wp\/v2\/product\/3686468","targetHints":{"allow":["GET"]}}],"collection":[{"href":"https:\/\/stoic-curie.212-227-153-4.plesk.page\/hr\/wp-json\/wp\/v2\/product"}],"about":[{"href":"https:\/\/stoic-curie.212-227-153-4.plesk.page\/hr\/wp-json\/wp\/v2\/types\/product"}],"replies":[{"embeddable":true,"href":"https:\/\/stoic-curie.212-227-153-4.plesk.page\/hr\/wp-json\/wp\/v2\/comments?post=3686468"}],"version-history":[{"count":0,"href":"https:\/\/stoic-curie.212-227-153-4.plesk.page\/hr\/wp-json\/wp\/v2\/product\/3686468\/revisions"}],"wp:featuredmedia":[{"embeddable":true,"href":"https:\/\/stoic-curie.212-227-153-4.plesk.page\/hr\/wp-json\/wp\/v2\/media\/5935671"}],"wp:attachment":[{"href":"https:\/\/stoic-curie.212-227-153-4.plesk.page\/hr\/wp-json\/wp\/v2\/media?parent=3686468"}],"wp:term":[{"taxonomy":"product_brand","embeddable":true,"href":"https:\/\/stoic-curie.212-227-153-4.plesk.page\/hr\/wp-json\/wp\/v2\/product_brand?post=3686468"},{"taxonomy":"product_cat","embeddable":true,"href":"https:\/\/stoic-curie.212-227-153-4.plesk.page\/hr\/wp-json\/wp\/v2\/product_cat?post=3686468"},{"taxonomy":"product_tag","embeddable":true,"href":"https:\/\/stoic-curie.212-227-153-4.plesk.page\/hr\/wp-json\/wp\/v2\/product_tag?post=3686468"}],"curies":[{"name":"wp","href":"https:\/\/api.w.org\/{rel}","templated":true}]}}