{"id":3686469,"date":"2025-10-13T13:25:36","date_gmt":"2025-10-13T17:25:36","guid":{"rendered":"https:\/\/stoic-curie.212-227-153-4.plesk.page\/product\/teak-wonder-combo-pack-kombinirano-pakiranje-deterdzenta-i-posvjetljivaca-1lt\/"},"modified":"2026-02-25T00:00:27","modified_gmt":"2026-02-25T00:00:27","slug":"teak-wonder-combo-pack-kombinirano-pakiranje-deterdzenta-i-posvjetljivaca-1lt","status":"publish","type":"product","link":"https:\/\/stoic-curie.212-227-153-4.plesk.page\/hr\/product\/teak-wonder-combo-pack-kombinirano-pakiranje-deterdzenta-i-posvjetljivaca-1lt\/","title":{"rendered":"Teak Wonder combo pack &#8211; Kombinirano pakiranje deterd\u017eenta i posvjetljivaca 1lt"},"content":{"rendered":"<p>Teak Wonder combo pack &#8211; Kombinirano pakiranje deterd\u017eenta i posvjetljivaca 1lt &#8211; <\/p>\n<p>Paket deterd\u017eenta i sredstava za posvjetljivanje koji omogu\u0107uje da uvijek imate prave proizvode pri ruci za sljede\u0107u impregnaciju s Teak Wonder Oilom.<\/p>\n","protected":false},"excerpt":{"rendered":"<p>Teak Wonder combo pack &#8211; Kombinirano pakiranje deterd\u017eenta i posvjetljivaca 1lt &#8211; Paket deterd\u017eenta i sredstava za posvjetljivanje koji omogu\u0107uje<\/p>\n","protected":false},"featured_media":5935672,"comment_status":"closed","ping_status":"closed","template":"","meta":[],"product_brand":[3456],"product_cat":[1625],"product_tag":[],"class_list":{"0":"post-3686469","1":"product","2":"type-product","3":"status-publish","4":"has-post-thumbnail","6":"product_brand-teak-wonder-hr","7":"product_cat-brodski-lak-i-ulje-za-tikovinu","9":"first","10":"instock","11":"shipping-taxable","12":"purchasable","13":"product-type-simple"},"_links":{"self":[{"href":"https:\/\/stoic-curie.212-227-153-4.plesk.page\/hr\/wp-json\/wp\/v2\/product\/3686469","targetHints":{"allow":["GET"]}}],"collection":[{"href":"https:\/\/stoic-curie.212-227-153-4.plesk.page\/hr\/wp-json\/wp\/v2\/product"}],"about":[{"href":"https:\/\/stoic-curie.212-227-153-4.plesk.page\/hr\/wp-json\/wp\/v2\/types\/product"}],"replies":[{"embeddable":true,"href":"https:\/\/stoic-curie.212-227-153-4.plesk.page\/hr\/wp-json\/wp\/v2\/comments?post=3686469"}],"version-history":[{"count":0,"href":"https:\/\/stoic-curie.212-227-153-4.plesk.page\/hr\/wp-json\/wp\/v2\/product\/3686469\/revisions"}],"wp:featuredmedia":[{"embeddable":true,"href":"https:\/\/stoic-curie.212-227-153-4.plesk.page\/hr\/wp-json\/wp\/v2\/media\/5935672"}],"wp:attachment":[{"href":"https:\/\/stoic-curie.212-227-153-4.plesk.page\/hr\/wp-json\/wp\/v2\/media?parent=3686469"}],"wp:term":[{"taxonomy":"product_brand","embeddable":true,"href":"https:\/\/stoic-curie.212-227-153-4.plesk.page\/hr\/wp-json\/wp\/v2\/product_brand?post=3686469"},{"taxonomy":"product_cat","embeddable":true,"href":"https:\/\/stoic-curie.212-227-153-4.plesk.page\/hr\/wp-json\/wp\/v2\/product_cat?post=3686469"},{"taxonomy":"product_tag","embeddable":true,"href":"https:\/\/stoic-curie.212-227-153-4.plesk.page\/hr\/wp-json\/wp\/v2\/product_tag?post=3686469"}],"curies":[{"name":"wp","href":"https:\/\/api.w.org\/{rel}","templated":true}]}}