{"id":3686470,"date":"2025-10-13T13:25:36","date_gmt":"2025-10-13T17:25:36","guid":{"rendered":"https:\/\/stoic-curie.212-227-153-4.plesk.page\/product\/sredstvo-za-zastitu-i-brtvljenje-tikovine-teak-wonder-dressing-sealer-1-lt\/"},"modified":"2026-02-25T00:00:27","modified_gmt":"2026-02-25T00:00:27","slug":"sredstvo-za-zastitu-i-brtvljenje-tikovine-teak-wonder-dressing-sealer-1-lt","status":"publish","type":"product","link":"https:\/\/stoic-curie.212-227-153-4.plesk.page\/hr\/product\/sredstvo-za-zastitu-i-brtvljenje-tikovine-teak-wonder-dressing-sealer-1-lt\/","title":{"rendered":"Sredstvo za za\u0161titu i brtvljenje tikovine &#8211; Teak Wonder Dressing &#038; Sealer, 1 lt"},"content":{"rendered":"<p>Sredstvo za za\u0161titu i brtvljenje tikovine &#8211; Teak Wonder Dressing &#038; Sealer, 1 lt &#8211; <\/p>\n<p>Tradicionalno ulje za tikovine koje odr\u017eava izvorni izgled tikovine bez svakodnevnog pranja. Ovaj proizvod na bazi silikona zatvara pore drveta, sprje\u010davaju\u0107i prodiranje pra\u0161ine i prljav\u0161tine, te pru\u017ea za\u0161titu od UV zraka. Bez mirisa kemikalija, ne postaje sjajan, klizak ili ljepljiv i s vremenom ne tamni.<\/p>\n","protected":false},"excerpt":{"rendered":"<p>Sredstvo za za\u0161titu i brtvljenje tikovine &#8211; Teak Wonder Dressing &#038; Sealer, 1 lt &#8211; Tradicionalno ulje za tikovine koje<\/p>\n","protected":false},"featured_media":5935673,"comment_status":"closed","ping_status":"closed","template":"","meta":[],"product_brand":[3456],"product_cat":[1625],"product_tag":[],"class_list":{"0":"post-3686470","1":"product","2":"type-product","3":"status-publish","4":"has-post-thumbnail","6":"product_brand-teak-wonder-hr","7":"product_cat-brodski-lak-i-ulje-za-tikovinu","9":"first","10":"instock","11":"shipping-taxable","12":"purchasable","13":"product-type-simple"},"_links":{"self":[{"href":"https:\/\/stoic-curie.212-227-153-4.plesk.page\/hr\/wp-json\/wp\/v2\/product\/3686470","targetHints":{"allow":["GET"]}}],"collection":[{"href":"https:\/\/stoic-curie.212-227-153-4.plesk.page\/hr\/wp-json\/wp\/v2\/product"}],"about":[{"href":"https:\/\/stoic-curie.212-227-153-4.plesk.page\/hr\/wp-json\/wp\/v2\/types\/product"}],"replies":[{"embeddable":true,"href":"https:\/\/stoic-curie.212-227-153-4.plesk.page\/hr\/wp-json\/wp\/v2\/comments?post=3686470"}],"version-history":[{"count":0,"href":"https:\/\/stoic-curie.212-227-153-4.plesk.page\/hr\/wp-json\/wp\/v2\/product\/3686470\/revisions"}],"wp:featuredmedia":[{"embeddable":true,"href":"https:\/\/stoic-curie.212-227-153-4.plesk.page\/hr\/wp-json\/wp\/v2\/media\/5935673"}],"wp:attachment":[{"href":"https:\/\/stoic-curie.212-227-153-4.plesk.page\/hr\/wp-json\/wp\/v2\/media?parent=3686470"}],"wp:term":[{"taxonomy":"product_brand","embeddable":true,"href":"https:\/\/stoic-curie.212-227-153-4.plesk.page\/hr\/wp-json\/wp\/v2\/product_brand?post=3686470"},{"taxonomy":"product_cat","embeddable":true,"href":"https:\/\/stoic-curie.212-227-153-4.plesk.page\/hr\/wp-json\/wp\/v2\/product_cat?post=3686470"},{"taxonomy":"product_tag","embeddable":true,"href":"https:\/\/stoic-curie.212-227-153-4.plesk.page\/hr\/wp-json\/wp\/v2\/product_tag?post=3686470"}],"curies":[{"name":"wp","href":"https:\/\/api.w.org\/{rel}","templated":true}]}}