{"id":3686476,"date":"2025-10-13T13:25:37","date_gmt":"2025-10-13T17:25:37","guid":{"rendered":"https:\/\/stoic-curie.212-227-153-4.plesk.page\/product\/ravna-kuka-za-pricvrsne-trake-6-8mm-crna\/"},"modified":"2026-02-25T00:00:27","modified_gmt":"2026-02-25T00:00:27","slug":"ravna-kuka-za-pricvrsne-trake-6-8mm-crna","status":"publish","type":"product","link":"https:\/\/stoic-curie.212-227-153-4.plesk.page\/hr\/product\/ravna-kuka-za-pricvrsne-trake-6-8mm-crna\/","title":{"rendered":"Ravna kuka za pricvrsne trake 6\/8mm, crna"},"content":{"rendered":"<p>Ravna kuka za pricvrsne trake 6\/8mm, crna &#8211; <\/p>\n<p>Vijke za pri\u010dvr\u0161\u0107ivanje napuhavaca. Pakiranja s 10 komada.<\/p>\n","protected":false},"excerpt":{"rendered":"<p>Ravna kuka za pricvrsne trake 6\/8mm, crna &#8211; Vijke za pri\u010dvr\u0161\u0107ivanje napuhavaca. Pakiranja s 10 komada.<\/p>\n","protected":false},"featured_media":5935685,"comment_status":"closed","ping_status":"closed","template":"","meta":[],"product_brand":[3211],"product_cat":[1839],"product_tag":[],"class_list":{"0":"post-3686476","1":"product","2":"type-product","3":"status-publish","4":"has-post-thumbnail","6":"product_brand-nuova-rade-hr","7":"product_cat-oprema-za-pomocne-brodice","9":"first","10":"instock","11":"shipping-taxable","12":"purchasable","13":"product-type-simple"},"_links":{"self":[{"href":"https:\/\/stoic-curie.212-227-153-4.plesk.page\/hr\/wp-json\/wp\/v2\/product\/3686476","targetHints":{"allow":["GET"]}}],"collection":[{"href":"https:\/\/stoic-curie.212-227-153-4.plesk.page\/hr\/wp-json\/wp\/v2\/product"}],"about":[{"href":"https:\/\/stoic-curie.212-227-153-4.plesk.page\/hr\/wp-json\/wp\/v2\/types\/product"}],"replies":[{"embeddable":true,"href":"https:\/\/stoic-curie.212-227-153-4.plesk.page\/hr\/wp-json\/wp\/v2\/comments?post=3686476"}],"version-history":[{"count":0,"href":"https:\/\/stoic-curie.212-227-153-4.plesk.page\/hr\/wp-json\/wp\/v2\/product\/3686476\/revisions"}],"wp:featuredmedia":[{"embeddable":true,"href":"https:\/\/stoic-curie.212-227-153-4.plesk.page\/hr\/wp-json\/wp\/v2\/media\/5935685"}],"wp:attachment":[{"href":"https:\/\/stoic-curie.212-227-153-4.plesk.page\/hr\/wp-json\/wp\/v2\/media?parent=3686476"}],"wp:term":[{"taxonomy":"product_brand","embeddable":true,"href":"https:\/\/stoic-curie.212-227-153-4.plesk.page\/hr\/wp-json\/wp\/v2\/product_brand?post=3686476"},{"taxonomy":"product_cat","embeddable":true,"href":"https:\/\/stoic-curie.212-227-153-4.plesk.page\/hr\/wp-json\/wp\/v2\/product_cat?post=3686476"},{"taxonomy":"product_tag","embeddable":true,"href":"https:\/\/stoic-curie.212-227-153-4.plesk.page\/hr\/wp-json\/wp\/v2\/product_tag?post=3686476"}],"curies":[{"name":"wp","href":"https:\/\/api.w.org\/{rel}","templated":true}]}}