{"id":3686478,"date":"2025-10-13T13:25:38","date_gmt":"2025-10-13T17:25:38","guid":{"rendered":"https:\/\/stoic-curie.212-227-153-4.plesk.page\/product\/plutajuci-privjesak-za-kljuceve-sa-sidrom\/"},"modified":"2026-02-25T00:00:27","modified_gmt":"2026-02-25T00:00:27","slug":"plutajuci-privjesak-za-kljuceve-sa-sidrom","status":"publish","type":"product","link":"https:\/\/stoic-curie.212-227-153-4.plesk.page\/hr\/product\/plutajuci-privjesak-za-kljuceve-sa-sidrom\/","title":{"rendered":"Plutaju\u0107i privjesak za kljuceve sa sidrom"},"content":{"rendered":"<p>Plutaju\u0107i privjesak za kljuceve sa sidrom &#8211; Mekani i plivaju\u0107i EVA sidro model, ponovna upotreba obojenog, netoksi\u010dnog i otpornog za\u0161titnog vinilnog filma. Asortiman boja: Zelena, Crvena, Plava, \u017duta, Bijela, Fuksija, Naran\u010dasta, Plava. Pakiranje s 10 komada.<\/p>\n","protected":false},"excerpt":{"rendered":"<p>Plutaju\u0107i privjesak za kljuceve sa sidrom &#8211; Mekani i plivaju\u0107i EVA sidro model, ponovna upotreba obojenog, netoksi\u010dnog i otpornog za\u0161titnog<\/p>\n","protected":false},"featured_media":5935690,"comment_status":"closed","ping_status":"closed","template":"","meta":[],"product_brand":[2861],"product_cat":[1853],"product_tag":[],"class_list":{"0":"post-3686478","1":"product","2":"type-product","3":"status-publish","4":"has-post-thumbnail","6":"product_brand-ceredi-hr","7":"product_cat-nauticki-privjesci-za-kljuceve","9":"first","10":"instock","11":"shipping-taxable","12":"purchasable","13":"product-type-simple"},"_links":{"self":[{"href":"https:\/\/stoic-curie.212-227-153-4.plesk.page\/hr\/wp-json\/wp\/v2\/product\/3686478","targetHints":{"allow":["GET"]}}],"collection":[{"href":"https:\/\/stoic-curie.212-227-153-4.plesk.page\/hr\/wp-json\/wp\/v2\/product"}],"about":[{"href":"https:\/\/stoic-curie.212-227-153-4.plesk.page\/hr\/wp-json\/wp\/v2\/types\/product"}],"replies":[{"embeddable":true,"href":"https:\/\/stoic-curie.212-227-153-4.plesk.page\/hr\/wp-json\/wp\/v2\/comments?post=3686478"}],"version-history":[{"count":0,"href":"https:\/\/stoic-curie.212-227-153-4.plesk.page\/hr\/wp-json\/wp\/v2\/product\/3686478\/revisions"}],"wp:featuredmedia":[{"embeddable":true,"href":"https:\/\/stoic-curie.212-227-153-4.plesk.page\/hr\/wp-json\/wp\/v2\/media\/5935690"}],"wp:attachment":[{"href":"https:\/\/stoic-curie.212-227-153-4.plesk.page\/hr\/wp-json\/wp\/v2\/media?parent=3686478"}],"wp:term":[{"taxonomy":"product_brand","embeddable":true,"href":"https:\/\/stoic-curie.212-227-153-4.plesk.page\/hr\/wp-json\/wp\/v2\/product_brand?post=3686478"},{"taxonomy":"product_cat","embeddable":true,"href":"https:\/\/stoic-curie.212-227-153-4.plesk.page\/hr\/wp-json\/wp\/v2\/product_cat?post=3686478"},{"taxonomy":"product_tag","embeddable":true,"href":"https:\/\/stoic-curie.212-227-153-4.plesk.page\/hr\/wp-json\/wp\/v2\/product_tag?post=3686478"}],"curies":[{"name":"wp","href":"https:\/\/api.w.org\/{rel}","templated":true}]}}