{"id":3686516,"date":"2025-10-13T13:25:47","date_gmt":"2025-10-13T17:25:47","guid":{"rendered":"https:\/\/stoic-curie.212-227-153-4.plesk.page\/product\/izolator-baterije-2-baterije-210amp\/"},"modified":"2026-02-25T00:00:27","modified_gmt":"2026-02-25T00:00:27","slug":"izolator-baterije-2-baterije-210amp","status":"publish","type":"product","link":"https:\/\/stoic-curie.212-227-153-4.plesk.page\/hr\/product\/izolator-baterije-2-baterije-210amp\/","title":{"rendered":"Izolator baterije 2 baterije 210amp"},"content":{"rendered":"<p>Izolator baterije 2 baterije 210amp &#8211; Distributeri automatskog pada napona niske baterije (0,25 V). Omogu\u0107uju vam punjenje dviju baterija istovremeno s 150 AMP, pru\u017eaju\u0107i vi\u0161e od samo punjenja prazne baterije. Izra\u0111eni su od aluminija s velikim rebrima koja mogu u\u010dinkovito odvoditi toplinu. Dimenzije: 230x130x70 mm.<\/p>\n","protected":false},"excerpt":{"rendered":"<p>Izolator baterije 2 baterije 210amp &#8211; Distributeri automatskog pada napona niske baterije (0,25 V). Omogu\u0107uju vam punjenje dviju baterija istovremeno<\/p>\n","protected":false},"featured_media":5935717,"comment_status":"closed","ping_status":"closed","template":"","meta":[],"product_brand":[2831],"product_cat":[1737],"product_tag":[],"class_list":{"0":"post-3686516","1":"product","2":"type-product","3":"status-publish","4":"has-post-thumbnail","6":"product_brand-blue-sea-systems-hr","7":"product_cat-punjaci-baterija","9":"first","10":"instock","11":"shipping-taxable","12":"purchasable","13":"product-type-simple"},"_links":{"self":[{"href":"https:\/\/stoic-curie.212-227-153-4.plesk.page\/hr\/wp-json\/wp\/v2\/product\/3686516","targetHints":{"allow":["GET"]}}],"collection":[{"href":"https:\/\/stoic-curie.212-227-153-4.plesk.page\/hr\/wp-json\/wp\/v2\/product"}],"about":[{"href":"https:\/\/stoic-curie.212-227-153-4.plesk.page\/hr\/wp-json\/wp\/v2\/types\/product"}],"replies":[{"embeddable":true,"href":"https:\/\/stoic-curie.212-227-153-4.plesk.page\/hr\/wp-json\/wp\/v2\/comments?post=3686516"}],"version-history":[{"count":0,"href":"https:\/\/stoic-curie.212-227-153-4.plesk.page\/hr\/wp-json\/wp\/v2\/product\/3686516\/revisions"}],"wp:featuredmedia":[{"embeddable":true,"href":"https:\/\/stoic-curie.212-227-153-4.plesk.page\/hr\/wp-json\/wp\/v2\/media\/5935717"}],"wp:attachment":[{"href":"https:\/\/stoic-curie.212-227-153-4.plesk.page\/hr\/wp-json\/wp\/v2\/media?parent=3686516"}],"wp:term":[{"taxonomy":"product_brand","embeddable":true,"href":"https:\/\/stoic-curie.212-227-153-4.plesk.page\/hr\/wp-json\/wp\/v2\/product_brand?post=3686516"},{"taxonomy":"product_cat","embeddable":true,"href":"https:\/\/stoic-curie.212-227-153-4.plesk.page\/hr\/wp-json\/wp\/v2\/product_cat?post=3686516"},{"taxonomy":"product_tag","embeddable":true,"href":"https:\/\/stoic-curie.212-227-153-4.plesk.page\/hr\/wp-json\/wp\/v2\/product_tag?post=3686516"}],"curies":[{"name":"wp","href":"https:\/\/api.w.org\/{rel}","templated":true}]}}