{"id":3686518,"date":"2025-10-13T13:25:48","date_gmt":"2025-10-13T17:25:48","guid":{"rendered":"https:\/\/stoic-curie.212-227-153-4.plesk.page\/product\/sabirnica-od-nehrdajuceg-celika-za-elektricne-prikljucke-4-stezaljke\/"},"modified":"2026-02-25T00:00:27","modified_gmt":"2026-02-25T00:00:27","slug":"sabirnica-od-nehrdajuceg-celika-za-elektricne-prikljucke-4-stezaljke","status":"publish","type":"product","link":"https:\/\/stoic-curie.212-227-153-4.plesk.page\/hr\/product\/sabirnica-od-nehrdajuceg-celika-za-elektricne-prikljucke-4-stezaljke\/","title":{"rendered":"Sabirnica od nehr\u0111aju\u0107eg \u010delika za elektricne prikljucke 4 stezaljke"},"content":{"rendered":"<p>Sabirnica od nehr\u0111aju\u0107eg \u010delika za elektricne prikljucke 4 stezaljke &#8211; Osnovni priklju\u010dni terminal od ABS-a, pocin\u010dana bakrena distribucijska \u0161ina, igle i matice od nehr\u0111aju\u0107eg \u010delika.<\/p>\n","protected":false},"excerpt":{"rendered":"<p>Sabirnica od nehr\u0111aju\u0107eg \u010delika za elektricne prikljucke 4 stezaljke &#8211; Osnovni priklju\u010dni terminal od ABS-a, pocin\u010dana bakrena distribucijska \u0161ina, igle<\/p>\n","protected":false},"featured_media":5935720,"comment_status":"closed","ping_status":"closed","template":"","meta":[],"product_brand":[2831],"product_cat":[1740],"product_tag":[],"class_list":{"0":"post-3686518","1":"product","2":"type-product","3":"status-publish","4":"has-post-thumbnail","6":"product_brand-blue-sea-systems-hr","7":"product_cat-elektricni-pribor","9":"first","10":"instock","11":"shipping-taxable","12":"purchasable","13":"product-type-simple"},"_links":{"self":[{"href":"https:\/\/stoic-curie.212-227-153-4.plesk.page\/hr\/wp-json\/wp\/v2\/product\/3686518","targetHints":{"allow":["GET"]}}],"collection":[{"href":"https:\/\/stoic-curie.212-227-153-4.plesk.page\/hr\/wp-json\/wp\/v2\/product"}],"about":[{"href":"https:\/\/stoic-curie.212-227-153-4.plesk.page\/hr\/wp-json\/wp\/v2\/types\/product"}],"replies":[{"embeddable":true,"href":"https:\/\/stoic-curie.212-227-153-4.plesk.page\/hr\/wp-json\/wp\/v2\/comments?post=3686518"}],"version-history":[{"count":0,"href":"https:\/\/stoic-curie.212-227-153-4.plesk.page\/hr\/wp-json\/wp\/v2\/product\/3686518\/revisions"}],"wp:featuredmedia":[{"embeddable":true,"href":"https:\/\/stoic-curie.212-227-153-4.plesk.page\/hr\/wp-json\/wp\/v2\/media\/5935720"}],"wp:attachment":[{"href":"https:\/\/stoic-curie.212-227-153-4.plesk.page\/hr\/wp-json\/wp\/v2\/media?parent=3686518"}],"wp:term":[{"taxonomy":"product_brand","embeddable":true,"href":"https:\/\/stoic-curie.212-227-153-4.plesk.page\/hr\/wp-json\/wp\/v2\/product_brand?post=3686518"},{"taxonomy":"product_cat","embeddable":true,"href":"https:\/\/stoic-curie.212-227-153-4.plesk.page\/hr\/wp-json\/wp\/v2\/product_cat?post=3686518"},{"taxonomy":"product_tag","embeddable":true,"href":"https:\/\/stoic-curie.212-227-153-4.plesk.page\/hr\/wp-json\/wp\/v2\/product_tag?post=3686518"}],"curies":[{"name":"wp","href":"https:\/\/api.w.org\/{rel}","templated":true}]}}