{"id":3686519,"date":"2025-10-13T13:25:48","date_gmt":"2025-10-13T17:25:48","guid":{"rendered":"https:\/\/stoic-curie.212-227-153-4.plesk.page\/product\/zasun-od-nehrdajuceg-celika-75-x-60-mm-s-kljucem\/"},"modified":"2026-02-25T00:00:27","modified_gmt":"2026-02-25T00:00:27","slug":"zasun-od-nehrdajuceg-celika-75-x-60-mm-s-kljucem","status":"publish","type":"product","link":"https:\/\/stoic-curie.212-227-153-4.plesk.page\/hr\/product\/zasun-od-nehrdajuceg-celika-75-x-60-mm-s-kljucem\/","title":{"rendered":"Zasun od nehr\u0111aju\u0107eg \u010delika 75 x 60 mm s klju\u010dem"},"content":{"rendered":"<p>Zasun od nehr\u0111aju\u0107eg \u010delika 75 x 60 mm s klju\u010dem &#8211; Zatvara\u010d za poklopac od nehr\u0111aju\u0107eg \u010delika AISI 316 je vodonepropustan. Ima opru\u017enu ru\u010dku za tiho kori\u0161tenje. Skriveni spojevi.<\/p>\n","protected":false},"excerpt":{"rendered":"<p>Zasun od nehr\u0111aju\u0107eg \u010delika 75 x 60 mm s klju\u010dem &#8211; Zatvara\u010d za poklopac od nehr\u0111aju\u0107eg \u010delika AISI 316 je<\/p>\n","protected":false},"featured_media":5935725,"comment_status":"closed","ping_status":"closed","template":"","meta":[],"product_brand":[3136],"product_cat":[1687],"product_tag":[],"class_list":{"0":"post-3686519","1":"product","2":"type-product","3":"status-publish","4":"has-post-thumbnail","6":"product_brand-masterlock-hr","7":"product_cat-brodski-zasuni","9":"first","10":"instock","11":"shipping-taxable","12":"purchasable","13":"product-type-simple"},"_links":{"self":[{"href":"https:\/\/stoic-curie.212-227-153-4.plesk.page\/hr\/wp-json\/wp\/v2\/product\/3686519","targetHints":{"allow":["GET"]}}],"collection":[{"href":"https:\/\/stoic-curie.212-227-153-4.plesk.page\/hr\/wp-json\/wp\/v2\/product"}],"about":[{"href":"https:\/\/stoic-curie.212-227-153-4.plesk.page\/hr\/wp-json\/wp\/v2\/types\/product"}],"replies":[{"embeddable":true,"href":"https:\/\/stoic-curie.212-227-153-4.plesk.page\/hr\/wp-json\/wp\/v2\/comments?post=3686519"}],"version-history":[{"count":0,"href":"https:\/\/stoic-curie.212-227-153-4.plesk.page\/hr\/wp-json\/wp\/v2\/product\/3686519\/revisions"}],"wp:featuredmedia":[{"embeddable":true,"href":"https:\/\/stoic-curie.212-227-153-4.plesk.page\/hr\/wp-json\/wp\/v2\/media\/5935725"}],"wp:attachment":[{"href":"https:\/\/stoic-curie.212-227-153-4.plesk.page\/hr\/wp-json\/wp\/v2\/media?parent=3686519"}],"wp:term":[{"taxonomy":"product_brand","embeddable":true,"href":"https:\/\/stoic-curie.212-227-153-4.plesk.page\/hr\/wp-json\/wp\/v2\/product_brand?post=3686519"},{"taxonomy":"product_cat","embeddable":true,"href":"https:\/\/stoic-curie.212-227-153-4.plesk.page\/hr\/wp-json\/wp\/v2\/product_cat?post=3686519"},{"taxonomy":"product_tag","embeddable":true,"href":"https:\/\/stoic-curie.212-227-153-4.plesk.page\/hr\/wp-json\/wp\/v2\/product_tag?post=3686519"}],"curies":[{"name":"wp","href":"https:\/\/api.w.org\/{rel}","templated":true}]}}