{"id":3686525,"date":"2025-10-13T13:25:49","date_gmt":"2025-10-13T17:25:49","guid":{"rendered":"https:\/\/stoic-curie.212-227-153-4.plesk.page\/product\/cetverostruka-sklopiva-kuka-za-odjecu-73x36mm-pozlaceni-mesing\/"},"modified":"2026-02-25T00:00:27","modified_gmt":"2026-02-25T00:00:27","slug":"cetverostruka-sklopiva-kuka-za-odjecu-73x36mm-pozlaceni-mesing","status":"publish","type":"product","link":"https:\/\/stoic-curie.212-227-153-4.plesk.page\/hr\/product\/cetverostruka-sklopiva-kuka-za-odjecu-73x36mm-pozlaceni-mesing\/","title":{"rendered":"\u010cetverostruka sklopiva kuka za odje\u0107u 73x36mm pozla\u010deni mesing"},"content":{"rendered":"<p>\u010cetverostruka sklopiva kuka za odje\u0107u 73x36mm pozla\u010deni mesing &#8211; <\/p>\n<p>Sklopiva garderoba od mesinga s 4 kuka.<\/p>\n","protected":false},"excerpt":{"rendered":"<p>\u010cetverostruka sklopiva kuka za odje\u0107u 73x36mm pozla\u010deni mesing &#8211; Sklopiva garderoba od mesinga s 4 kuka.<\/p>\n","protected":false},"featured_media":5935736,"comment_status":"closed","ping_status":"closed","template":"","meta":[],"product_brand":[2946],"product_cat":[1640,1710],"product_tag":[],"class_list":{"0":"post-3686525","1":"product","2":"type-product","3":"status-publish","4":"has-post-thumbnail","6":"product_brand-foresti-suardi-hr","7":"product_cat-nauticki-dekor","8":"product_cat-pribor-za-brodske-kabine","10":"first","11":"instock","12":"shipping-taxable","13":"purchasable","14":"product-type-simple"},"_links":{"self":[{"href":"https:\/\/stoic-curie.212-227-153-4.plesk.page\/hr\/wp-json\/wp\/v2\/product\/3686525","targetHints":{"allow":["GET"]}}],"collection":[{"href":"https:\/\/stoic-curie.212-227-153-4.plesk.page\/hr\/wp-json\/wp\/v2\/product"}],"about":[{"href":"https:\/\/stoic-curie.212-227-153-4.plesk.page\/hr\/wp-json\/wp\/v2\/types\/product"}],"replies":[{"embeddable":true,"href":"https:\/\/stoic-curie.212-227-153-4.plesk.page\/hr\/wp-json\/wp\/v2\/comments?post=3686525"}],"version-history":[{"count":0,"href":"https:\/\/stoic-curie.212-227-153-4.plesk.page\/hr\/wp-json\/wp\/v2\/product\/3686525\/revisions"}],"wp:featuredmedia":[{"embeddable":true,"href":"https:\/\/stoic-curie.212-227-153-4.plesk.page\/hr\/wp-json\/wp\/v2\/media\/5935736"}],"wp:attachment":[{"href":"https:\/\/stoic-curie.212-227-153-4.plesk.page\/hr\/wp-json\/wp\/v2\/media?parent=3686525"}],"wp:term":[{"taxonomy":"product_brand","embeddable":true,"href":"https:\/\/stoic-curie.212-227-153-4.plesk.page\/hr\/wp-json\/wp\/v2\/product_brand?post=3686525"},{"taxonomy":"product_cat","embeddable":true,"href":"https:\/\/stoic-curie.212-227-153-4.plesk.page\/hr\/wp-json\/wp\/v2\/product_cat?post=3686525"},{"taxonomy":"product_tag","embeddable":true,"href":"https:\/\/stoic-curie.212-227-153-4.plesk.page\/hr\/wp-json\/wp\/v2\/product_tag?post=3686525"}],"curies":[{"name":"wp","href":"https:\/\/api.w.org\/{rel}","templated":true}]}}