{"id":3686527,"date":"2025-10-13T13:25:50","date_gmt":"2025-10-13T17:25:50","guid":{"rendered":"https:\/\/stoic-curie.212-227-153-4.plesk.page\/product\/antena-vhf-scout-bijela-150cm\/"},"modified":"2026-02-25T00:00:27","modified_gmt":"2026-02-25T00:00:27","slug":"antena-vhf-scout-bijela-150cm","status":"publish","type":"product","link":"https:\/\/stoic-curie.212-227-153-4.plesk.page\/hr\/product\/antena-vhf-scout-bijela-150cm\/","title":{"rendered":"Antena VHF Scout Bijela 150cm"},"content":{"rendered":"<p>Antena VHF Scout Bijela 150cm &#8211; Fiberglas antene za pomorsku upotrebu, 100% vodootporne. To je omogu\u0107eno posebnom smolom koja se pod pritiskom injektira unutar olovke. Formira vodootpornu za\u0161titu koja, osim \u0161to osigurava potpornu vodootpornost, daje ve\u0107u \u010dvrsto\u0107u anteni. Posebni UV premaz zadr\u017eava svijetlu boju kroz vrijeme, spre\u010davaju\u0107i propadanje. Maksimalna snaga 50 W, 5 m kabel s 3 dB poja\u010danjem. Ne re\u017eite kabel.<\/p>\n","protected":false},"excerpt":{"rendered":"<p>Antena VHF Scout Bijela 150cm &#8211; Fiberglas antene za pomorsku upotrebu, 100% vodootporne. To je omogu\u0107eno posebnom smolom koja se<\/p>\n","protected":false},"featured_media":5935738,"comment_status":"closed","ping_status":"closed","template":"","meta":[],"product_brand":[3236],"product_cat":[1753],"product_tag":[],"class_list":{"0":"post-3686527","1":"product","2":"type-product","3":"status-publish","4":"has-post-thumbnail","6":"product_brand-osculati-hr","7":"product_cat-vhf-antene","9":"first","10":"instock","11":"shipping-taxable","12":"purchasable","13":"product-type-simple"},"_links":{"self":[{"href":"https:\/\/stoic-curie.212-227-153-4.plesk.page\/hr\/wp-json\/wp\/v2\/product\/3686527","targetHints":{"allow":["GET"]}}],"collection":[{"href":"https:\/\/stoic-curie.212-227-153-4.plesk.page\/hr\/wp-json\/wp\/v2\/product"}],"about":[{"href":"https:\/\/stoic-curie.212-227-153-4.plesk.page\/hr\/wp-json\/wp\/v2\/types\/product"}],"replies":[{"embeddable":true,"href":"https:\/\/stoic-curie.212-227-153-4.plesk.page\/hr\/wp-json\/wp\/v2\/comments?post=3686527"}],"version-history":[{"count":0,"href":"https:\/\/stoic-curie.212-227-153-4.plesk.page\/hr\/wp-json\/wp\/v2\/product\/3686527\/revisions"}],"wp:featuredmedia":[{"embeddable":true,"href":"https:\/\/stoic-curie.212-227-153-4.plesk.page\/hr\/wp-json\/wp\/v2\/media\/5935738"}],"wp:attachment":[{"href":"https:\/\/stoic-curie.212-227-153-4.plesk.page\/hr\/wp-json\/wp\/v2\/media?parent=3686527"}],"wp:term":[{"taxonomy":"product_brand","embeddable":true,"href":"https:\/\/stoic-curie.212-227-153-4.plesk.page\/hr\/wp-json\/wp\/v2\/product_brand?post=3686527"},{"taxonomy":"product_cat","embeddable":true,"href":"https:\/\/stoic-curie.212-227-153-4.plesk.page\/hr\/wp-json\/wp\/v2\/product_cat?post=3686527"},{"taxonomy":"product_tag","embeddable":true,"href":"https:\/\/stoic-curie.212-227-153-4.plesk.page\/hr\/wp-json\/wp\/v2\/product_tag?post=3686527"}],"curies":[{"name":"wp","href":"https:\/\/api.w.org\/{rel}","templated":true}]}}