{"id":3686534,"date":"2025-10-13T13:25:51","date_gmt":"2025-10-13T17:25:51","guid":{"rendered":"https:\/\/stoic-curie.212-227-153-4.plesk.page\/product\/zatezaci-celicnog-uzeta-od-nehrdajuceg-celika-s-stezaljkom-od-4-mm\/"},"modified":"2026-02-25T00:00:27","modified_gmt":"2026-02-25T00:00:27","slug":"zatezaci-celicnog-uzeta-od-nehrdajuceg-celika-s-stezaljkom-od-4-mm","status":"publish","type":"product","link":"https:\/\/stoic-curie.212-227-153-4.plesk.page\/hr\/product\/zatezaci-celicnog-uzeta-od-nehrdajuceg-celika-s-stezaljkom-od-4-mm\/","title":{"rendered":"Zateza\u010di \u010deli\u010dnog u\u017eeta od nehr\u0111aju\u0107eg \u010delika s stezaljkom od 4 mm"},"content":{"rendered":"<p>Zateza\u010di \u010deli\u010dnog u\u017eeta od nehr\u0111aju\u0107eg \u010delika s stezaljkom od 4 mm &#8211; Okretni rigging vijci od nehr\u0111aju\u0107eg \u010delika s priklju\u010dkom za spajanje. Veli\u010dina: \u017dica \u00d8 4 mm. Navoj M8 L1 180 mm. L2 250 mm. C 7 mm. D 8 mm.<\/p>\n","protected":false},"excerpt":{"rendered":"<p>Zateza\u010di \u010deli\u010dnog u\u017eeta od nehr\u0111aju\u0107eg \u010delika s stezaljkom od 4 mm &#8211; Okretni rigging vijci od nehr\u0111aju\u0107eg \u010delika s priklju\u010dkom<\/p>\n","protected":false},"featured_media":5935748,"comment_status":"closed","ping_status":"closed","template":"","meta":[],"product_brand":[3121],"product_cat":[1757,1701],"product_tag":[],"class_list":{"0":"post-3686534","1":"product","2":"type-product","3":"status-publish","4":"has-post-thumbnail","6":"product_brand-marinetech-hr","7":"product_cat-rucice-za-zatezanje-pripona","8":"product_cat-zatezaci-celicnog-uzeta","10":"first","11":"instock","12":"shipping-taxable","13":"purchasable","14":"product-type-simple"},"_links":{"self":[{"href":"https:\/\/stoic-curie.212-227-153-4.plesk.page\/hr\/wp-json\/wp\/v2\/product\/3686534","targetHints":{"allow":["GET"]}}],"collection":[{"href":"https:\/\/stoic-curie.212-227-153-4.plesk.page\/hr\/wp-json\/wp\/v2\/product"}],"about":[{"href":"https:\/\/stoic-curie.212-227-153-4.plesk.page\/hr\/wp-json\/wp\/v2\/types\/product"}],"replies":[{"embeddable":true,"href":"https:\/\/stoic-curie.212-227-153-4.plesk.page\/hr\/wp-json\/wp\/v2\/comments?post=3686534"}],"version-history":[{"count":0,"href":"https:\/\/stoic-curie.212-227-153-4.plesk.page\/hr\/wp-json\/wp\/v2\/product\/3686534\/revisions"}],"wp:featuredmedia":[{"embeddable":true,"href":"https:\/\/stoic-curie.212-227-153-4.plesk.page\/hr\/wp-json\/wp\/v2\/media\/5935748"}],"wp:attachment":[{"href":"https:\/\/stoic-curie.212-227-153-4.plesk.page\/hr\/wp-json\/wp\/v2\/media?parent=3686534"}],"wp:term":[{"taxonomy":"product_brand","embeddable":true,"href":"https:\/\/stoic-curie.212-227-153-4.plesk.page\/hr\/wp-json\/wp\/v2\/product_brand?post=3686534"},{"taxonomy":"product_cat","embeddable":true,"href":"https:\/\/stoic-curie.212-227-153-4.plesk.page\/hr\/wp-json\/wp\/v2\/product_cat?post=3686534"},{"taxonomy":"product_tag","embeddable":true,"href":"https:\/\/stoic-curie.212-227-153-4.plesk.page\/hr\/wp-json\/wp\/v2\/product_tag?post=3686534"}],"curies":[{"name":"wp","href":"https:\/\/api.w.org\/{rel}","templated":true}]}}