{"id":3686535,"date":"2025-10-13T13:25:52","date_gmt":"2025-10-13T17:25:52","guid":{"rendered":"https:\/\/stoic-curie.212-227-153-4.plesk.page\/product\/cjevasti-zatezaci-kabela-od-nehrdajuceg-celika-s-quick-prikljuckom-za-cel-uze-od-5-mm\/"},"modified":"2026-02-25T00:00:27","modified_gmt":"2026-02-25T00:00:27","slug":"cjevasti-zatezaci-kabela-od-nehrdajuceg-celika-s-quick-prikljuckom-za-cel-uze-od-5-mm","status":"publish","type":"product","link":"https:\/\/stoic-curie.212-227-153-4.plesk.page\/hr\/product\/cjevasti-zatezaci-kabela-od-nehrdajuceg-celika-s-quick-prikljuckom-za-cel-uze-od-5-mm\/","title":{"rendered":"Cjevasti zatezaci kabela od nehr\u0111aju\u0107eg \u010delika s Quick priklju\u010dkom za \u010del. u\u017ee od 5 mm"},"content":{"rendered":"<p>Cjevasti zatezaci kabela od nehr\u0111aju\u0107eg \u010delika s Quick priklju\u010dkom za \u010del. u\u017ee od 5 mm &#8211; U\u017ee\u017ene vijke od nehr\u0111aju\u0107eg \u010delika, s brzim terminalom za zube. Veli\u010dina: \u017dica \u00d8 5 mm. Navoj M10 L1 185 mm. L2 285 mm. C 8 mm. D 10 mm.<\/p>\n","protected":false},"excerpt":{"rendered":"<p>Cjevasti zatezaci kabela od nehr\u0111aju\u0107eg \u010delika s Quick priklju\u010dkom za \u010del. u\u017ee od 5 mm &#8211; U\u017ee\u017ene vijke od nehr\u0111aju\u0107eg<\/p>\n","protected":false},"featured_media":5935750,"comment_status":"closed","ping_status":"closed","template":"","meta":[],"product_brand":[3121],"product_cat":[1757,1701],"product_tag":[],"class_list":{"0":"post-3686535","1":"product","2":"type-product","3":"status-publish","4":"has-post-thumbnail","6":"product_brand-marinetech-hr","7":"product_cat-rucice-za-zatezanje-pripona","8":"product_cat-zatezaci-celicnog-uzeta","10":"first","11":"instock","12":"shipping-taxable","13":"purchasable","14":"product-type-simple"},"_links":{"self":[{"href":"https:\/\/stoic-curie.212-227-153-4.plesk.page\/hr\/wp-json\/wp\/v2\/product\/3686535","targetHints":{"allow":["GET"]}}],"collection":[{"href":"https:\/\/stoic-curie.212-227-153-4.plesk.page\/hr\/wp-json\/wp\/v2\/product"}],"about":[{"href":"https:\/\/stoic-curie.212-227-153-4.plesk.page\/hr\/wp-json\/wp\/v2\/types\/product"}],"replies":[{"embeddable":true,"href":"https:\/\/stoic-curie.212-227-153-4.plesk.page\/hr\/wp-json\/wp\/v2\/comments?post=3686535"}],"version-history":[{"count":0,"href":"https:\/\/stoic-curie.212-227-153-4.plesk.page\/hr\/wp-json\/wp\/v2\/product\/3686535\/revisions"}],"wp:featuredmedia":[{"embeddable":true,"href":"https:\/\/stoic-curie.212-227-153-4.plesk.page\/hr\/wp-json\/wp\/v2\/media\/5935750"}],"wp:attachment":[{"href":"https:\/\/stoic-curie.212-227-153-4.plesk.page\/hr\/wp-json\/wp\/v2\/media?parent=3686535"}],"wp:term":[{"taxonomy":"product_brand","embeddable":true,"href":"https:\/\/stoic-curie.212-227-153-4.plesk.page\/hr\/wp-json\/wp\/v2\/product_brand?post=3686535"},{"taxonomy":"product_cat","embeddable":true,"href":"https:\/\/stoic-curie.212-227-153-4.plesk.page\/hr\/wp-json\/wp\/v2\/product_cat?post=3686535"},{"taxonomy":"product_tag","embeddable":true,"href":"https:\/\/stoic-curie.212-227-153-4.plesk.page\/hr\/wp-json\/wp\/v2\/product_tag?post=3686535"}],"curies":[{"name":"wp","href":"https:\/\/api.w.org\/{rel}","templated":true}]}}