{"id":3686536,"date":"2025-10-13T13:25:52","date_gmt":"2025-10-13T17:25:52","guid":{"rendered":"https:\/\/stoic-curie.212-227-153-4.plesk.page\/product\/zatezaci-celicnog-uzeta-od-nehrdajuceg-celika-s-dvostrukim-usicama-m5\/"},"modified":"2026-02-25T00:00:27","modified_gmt":"2026-02-25T00:00:27","slug":"zatezaci-celicnog-uzeta-od-nehrdajuceg-celika-s-dvostrukim-usicama-m5","status":"publish","type":"product","link":"https:\/\/stoic-curie.212-227-153-4.plesk.page\/hr\/product\/zatezaci-celicnog-uzeta-od-nehrdajuceg-celika-s-dvostrukim-usicama-m5\/","title":{"rendered":"Zateza\u010di \u010deli\u010dnog u\u017eeta od nehr\u0111aju\u0107eg \u010delika s dvostrukim u\u0161icama M5"},"content":{"rendered":"<p>Zateza\u010di \u010deli\u010dnog u\u017eeta od nehr\u0111aju\u0107eg \u010delika s dvostrukim u\u0161icama M5 &#8211; U\u017ee\u0107i vijci od nehr\u0111aju\u0107eg \u010delika AISI 316, s dvije o\u010di. Veli\u010dina: D1 5mm. L1 115mm. L 70mm. D 8mm.<\/p>\n","protected":false},"excerpt":{"rendered":"<p>Zateza\u010di \u010deli\u010dnog u\u017eeta od nehr\u0111aju\u0107eg \u010delika s dvostrukim u\u0161icama M5 &#8211; U\u017ee\u0107i vijci od nehr\u0111aju\u0107eg \u010delika AISI 316, s dvije<\/p>\n","protected":false},"featured_media":5935752,"comment_status":"closed","ping_status":"closed","template":"","meta":[],"product_brand":[3121],"product_cat":[3911],"product_tag":[],"class_list":{"0":"post-3686536","1":"product","2":"type-product","3":"status-publish","4":"has-post-thumbnail","6":"product_brand-marinetech-hr","7":"product_cat-accessories","9":"first","10":"instock","11":"shipping-taxable","12":"purchasable","13":"product-type-simple"},"_links":{"self":[{"href":"https:\/\/stoic-curie.212-227-153-4.plesk.page\/hr\/wp-json\/wp\/v2\/product\/3686536","targetHints":{"allow":["GET"]}}],"collection":[{"href":"https:\/\/stoic-curie.212-227-153-4.plesk.page\/hr\/wp-json\/wp\/v2\/product"}],"about":[{"href":"https:\/\/stoic-curie.212-227-153-4.plesk.page\/hr\/wp-json\/wp\/v2\/types\/product"}],"replies":[{"embeddable":true,"href":"https:\/\/stoic-curie.212-227-153-4.plesk.page\/hr\/wp-json\/wp\/v2\/comments?post=3686536"}],"version-history":[{"count":0,"href":"https:\/\/stoic-curie.212-227-153-4.plesk.page\/hr\/wp-json\/wp\/v2\/product\/3686536\/revisions"}],"wp:featuredmedia":[{"embeddable":true,"href":"https:\/\/stoic-curie.212-227-153-4.plesk.page\/hr\/wp-json\/wp\/v2\/media\/5935752"}],"wp:attachment":[{"href":"https:\/\/stoic-curie.212-227-153-4.plesk.page\/hr\/wp-json\/wp\/v2\/media?parent=3686536"}],"wp:term":[{"taxonomy":"product_brand","embeddable":true,"href":"https:\/\/stoic-curie.212-227-153-4.plesk.page\/hr\/wp-json\/wp\/v2\/product_brand?post=3686536"},{"taxonomy":"product_cat","embeddable":true,"href":"https:\/\/stoic-curie.212-227-153-4.plesk.page\/hr\/wp-json\/wp\/v2\/product_cat?post=3686536"},{"taxonomy":"product_tag","embeddable":true,"href":"https:\/\/stoic-curie.212-227-153-4.plesk.page\/hr\/wp-json\/wp\/v2\/product_tag?post=3686536"}],"curies":[{"name":"wp","href":"https:\/\/api.w.org\/{rel}","templated":true}]}}