{"id":3686537,"date":"2025-10-13T13:25:52","date_gmt":"2025-10-13T17:25:52","guid":{"rendered":"https:\/\/stoic-curie.212-227-153-4.plesk.page\/product\/kabelska-stezaljka-od-nehrdajuceg-celika-2-3-mm\/"},"modified":"2026-02-25T00:00:27","modified_gmt":"2026-02-25T00:00:27","slug":"kabelska-stezaljka-od-nehrdajuceg-celika-2-3-mm","status":"publish","type":"product","link":"https:\/\/stoic-curie.212-227-153-4.plesk.page\/hr\/product\/kabelska-stezaljka-od-nehrdajuceg-celika-2-3-mm\/","title":{"rendered":"Kabelska stezaljka od nehr\u0111aju\u0107eg \u010delika 2-3 mm"},"content":{"rendered":"<p>Kabelska stezaljka od nehr\u0111aju\u0107eg \u010delika 2-3 mm &#8211; Stezaljka za \u017eicu od AISI 316 nehr\u0111aju\u0107eg \u010delika. Veli\u010dina: \u017dica: \u00d8 2-3 mm. M4 A 21 mm. H 10 mm.<\/p>\n","protected":false},"excerpt":{"rendered":"<p>Kabelska stezaljka od nehr\u0111aju\u0107eg \u010delika 2-3 mm &#8211; Stezaljka za \u017eicu od AISI 316 nehr\u0111aju\u0107eg \u010delika. Veli\u010dina: \u017dica: \u00d8 2-3<\/p>\n","protected":false},"featured_media":5935754,"comment_status":"closed","ping_status":"closed","template":"","meta":[],"product_brand":[3121],"product_cat":[1696,1690],"product_tag":[],"class_list":{"0":"post-3686537","1":"product","2":"type-product","3":"status-publish","4":"has-post-thumbnail","6":"product_brand-marinetech-hr","7":"product_cat-nehrdajuci-kabelski-terminali","8":"product_cat-stezalice-i-bakreni-rukavi-za-celicnu-uzad","10":"first","11":"instock","12":"shipping-taxable","13":"purchasable","14":"product-type-simple"},"_links":{"self":[{"href":"https:\/\/stoic-curie.212-227-153-4.plesk.page\/hr\/wp-json\/wp\/v2\/product\/3686537","targetHints":{"allow":["GET"]}}],"collection":[{"href":"https:\/\/stoic-curie.212-227-153-4.plesk.page\/hr\/wp-json\/wp\/v2\/product"}],"about":[{"href":"https:\/\/stoic-curie.212-227-153-4.plesk.page\/hr\/wp-json\/wp\/v2\/types\/product"}],"replies":[{"embeddable":true,"href":"https:\/\/stoic-curie.212-227-153-4.plesk.page\/hr\/wp-json\/wp\/v2\/comments?post=3686537"}],"version-history":[{"count":0,"href":"https:\/\/stoic-curie.212-227-153-4.plesk.page\/hr\/wp-json\/wp\/v2\/product\/3686537\/revisions"}],"wp:featuredmedia":[{"embeddable":true,"href":"https:\/\/stoic-curie.212-227-153-4.plesk.page\/hr\/wp-json\/wp\/v2\/media\/5935754"}],"wp:attachment":[{"href":"https:\/\/stoic-curie.212-227-153-4.plesk.page\/hr\/wp-json\/wp\/v2\/media?parent=3686537"}],"wp:term":[{"taxonomy":"product_brand","embeddable":true,"href":"https:\/\/stoic-curie.212-227-153-4.plesk.page\/hr\/wp-json\/wp\/v2\/product_brand?post=3686537"},{"taxonomy":"product_cat","embeddable":true,"href":"https:\/\/stoic-curie.212-227-153-4.plesk.page\/hr\/wp-json\/wp\/v2\/product_cat?post=3686537"},{"taxonomy":"product_tag","embeddable":true,"href":"https:\/\/stoic-curie.212-227-153-4.plesk.page\/hr\/wp-json\/wp\/v2\/product_tag?post=3686537"}],"curies":[{"name":"wp","href":"https:\/\/api.w.org\/{rel}","templated":true}]}}