{"id":3686538,"date":"2025-10-13T13:25:52","date_gmt":"2025-10-13T17:25:52","guid":{"rendered":"https:\/\/stoic-curie.212-227-153-4.plesk.page\/product\/inox-norseman-viljuskasti-terminal-za-brzi-prikljucak-kabela-5-mm\/"},"modified":"2026-02-25T00:00:27","modified_gmt":"2026-02-25T00:00:27","slug":"inox-norseman-viljuskasti-terminal-za-brzi-prikljucak-kabela-5-mm","status":"publish","type":"product","link":"https:\/\/stoic-curie.212-227-153-4.plesk.page\/hr\/product\/inox-norseman-viljuskasti-terminal-za-brzi-prikljucak-kabela-5-mm\/","title":{"rendered":"Inox Norseman vilju\u0161kasti terminal za brzi prikljucak kabela 5 mm"},"content":{"rendered":"<p>Inox Norseman vilju\u0161kasti terminal za brzi prikljucak kabela 5 mm &#8211; <\/p>\n<p>Swageless krajnici od nehr\u0111aju\u0107eg \u010delika 316. Izvrsna snaga dr\u017eanja koja odgovara sili lomljenja \u017eice. Lako se montira, jednostavno umetnite \u010deli\u010dnu \u017eicu u terminal, a osovina je automatski hvata. Pogodno za sve vrste \u010deli\u010dnih \u017eica (19\/49\/133 \u017eica).<\/p>\n","protected":false},"excerpt":{"rendered":"<p>Inox Norseman vilju\u0161kasti terminal za brzi prikljucak kabela 5 mm &#8211; Swageless krajnici od nehr\u0111aju\u0107eg \u010delika 316. Izvrsna snaga dr\u017eanja<\/p>\n","protected":false},"featured_media":5935756,"comment_status":"closed","ping_status":"closed","template":"","meta":[],"product_brand":[3121],"product_cat":[1696,1765],"product_tag":[],"class_list":{"0":"post-3686538","1":"product","2":"type-product","3":"status-publish","4":"has-post-thumbnail","6":"product_brand-marinetech-hr","7":"product_cat-nehrdajuci-kabelski-terminali","8":"product_cat-pribor-i-oprema-za-brodice-i-jedrilice","10":"first","11":"instock","12":"shipping-taxable","13":"purchasable","14":"product-type-simple"},"_links":{"self":[{"href":"https:\/\/stoic-curie.212-227-153-4.plesk.page\/hr\/wp-json\/wp\/v2\/product\/3686538","targetHints":{"allow":["GET"]}}],"collection":[{"href":"https:\/\/stoic-curie.212-227-153-4.plesk.page\/hr\/wp-json\/wp\/v2\/product"}],"about":[{"href":"https:\/\/stoic-curie.212-227-153-4.plesk.page\/hr\/wp-json\/wp\/v2\/types\/product"}],"replies":[{"embeddable":true,"href":"https:\/\/stoic-curie.212-227-153-4.plesk.page\/hr\/wp-json\/wp\/v2\/comments?post=3686538"}],"version-history":[{"count":0,"href":"https:\/\/stoic-curie.212-227-153-4.plesk.page\/hr\/wp-json\/wp\/v2\/product\/3686538\/revisions"}],"wp:featuredmedia":[{"embeddable":true,"href":"https:\/\/stoic-curie.212-227-153-4.plesk.page\/hr\/wp-json\/wp\/v2\/media\/5935756"}],"wp:attachment":[{"href":"https:\/\/stoic-curie.212-227-153-4.plesk.page\/hr\/wp-json\/wp\/v2\/media?parent=3686538"}],"wp:term":[{"taxonomy":"product_brand","embeddable":true,"href":"https:\/\/stoic-curie.212-227-153-4.plesk.page\/hr\/wp-json\/wp\/v2\/product_brand?post=3686538"},{"taxonomy":"product_cat","embeddable":true,"href":"https:\/\/stoic-curie.212-227-153-4.plesk.page\/hr\/wp-json\/wp\/v2\/product_cat?post=3686538"},{"taxonomy":"product_tag","embeddable":true,"href":"https:\/\/stoic-curie.212-227-153-4.plesk.page\/hr\/wp-json\/wp\/v2\/product_tag?post=3686538"}],"curies":[{"name":"wp","href":"https:\/\/api.w.org\/{rel}","templated":true}]}}