{"id":3686539,"date":"2025-10-13T13:25:53","date_gmt":"2025-10-13T17:25:53","guid":{"rendered":"https:\/\/stoic-curie.212-227-153-4.plesk.page\/product\/usica-od-nehrdajuceg-celika-za-kabel-od-6-mm-stezaljke\/"},"modified":"2026-02-25T00:00:27","modified_gmt":"2026-02-25T00:00:27","slug":"usica-od-nehrdajuceg-celika-za-kabel-od-6-mm-stezaljke","status":"publish","type":"product","link":"https:\/\/stoic-curie.212-227-153-4.plesk.page\/hr\/product\/usica-od-nehrdajuceg-celika-za-kabel-od-6-mm-stezaljke\/","title":{"rendered":"U\u0161ica od nehr\u0111aju\u0107eg \u010delika za kabel od 6 mm (stezaljke)"},"content":{"rendered":"<p>U\u0161ica od nehr\u0111aju\u0107eg \u010delika za kabel od 6 mm (stezaljke) &#8211; Swage o\u010di terminala od nehr\u0111aju\u0107eg \u010delika Aisi 316. Veli\u010dina: \u017dica \u00d8 6 mm. B1 6,2 mm. B2 12 mm. C 10 mm. D 12 mm. L 55 mm.<\/p>\n","protected":false},"excerpt":{"rendered":"<p>U\u0161ica od nehr\u0111aju\u0107eg \u010delika za kabel od 6 mm (stezaljke) &#8211; Swage o\u010di terminala od nehr\u0111aju\u0107eg \u010delika Aisi 316. Veli\u010dina:<\/p>\n","protected":false},"featured_media":5935760,"comment_status":"closed","ping_status":"closed","template":"","meta":[],"product_brand":[3121],"product_cat":[1696,1765],"product_tag":[],"class_list":{"0":"post-3686539","1":"product","2":"type-product","3":"status-publish","4":"has-post-thumbnail","6":"product_brand-marinetech-hr","7":"product_cat-nehrdajuci-kabelski-terminali","8":"product_cat-pribor-i-oprema-za-brodice-i-jedrilice","10":"first","11":"instock","12":"shipping-taxable","13":"purchasable","14":"product-type-simple"},"_links":{"self":[{"href":"https:\/\/stoic-curie.212-227-153-4.plesk.page\/hr\/wp-json\/wp\/v2\/product\/3686539","targetHints":{"allow":["GET"]}}],"collection":[{"href":"https:\/\/stoic-curie.212-227-153-4.plesk.page\/hr\/wp-json\/wp\/v2\/product"}],"about":[{"href":"https:\/\/stoic-curie.212-227-153-4.plesk.page\/hr\/wp-json\/wp\/v2\/types\/product"}],"replies":[{"embeddable":true,"href":"https:\/\/stoic-curie.212-227-153-4.plesk.page\/hr\/wp-json\/wp\/v2\/comments?post=3686539"}],"version-history":[{"count":0,"href":"https:\/\/stoic-curie.212-227-153-4.plesk.page\/hr\/wp-json\/wp\/v2\/product\/3686539\/revisions"}],"wp:featuredmedia":[{"embeddable":true,"href":"https:\/\/stoic-curie.212-227-153-4.plesk.page\/hr\/wp-json\/wp\/v2\/media\/5935760"}],"wp:attachment":[{"href":"https:\/\/stoic-curie.212-227-153-4.plesk.page\/hr\/wp-json\/wp\/v2\/media?parent=3686539"}],"wp:term":[{"taxonomy":"product_brand","embeddable":true,"href":"https:\/\/stoic-curie.212-227-153-4.plesk.page\/hr\/wp-json\/wp\/v2\/product_brand?post=3686539"},{"taxonomy":"product_cat","embeddable":true,"href":"https:\/\/stoic-curie.212-227-153-4.plesk.page\/hr\/wp-json\/wp\/v2\/product_cat?post=3686539"},{"taxonomy":"product_tag","embeddable":true,"href":"https:\/\/stoic-curie.212-227-153-4.plesk.page\/hr\/wp-json\/wp\/v2\/product_tag?post=3686539"}],"curies":[{"name":"wp","href":"https:\/\/api.w.org\/{rel}","templated":true}]}}