{"id":3686558,"date":"2025-10-13T13:25:57","date_gmt":"2025-10-13T17:25:57","guid":{"rendered":"https:\/\/stoic-curie.212-227-153-4.plesk.page\/product\/sportski-prsluk-za-spasavanje-reef-iso-en12402-5-80-newton-80-kg\/"},"modified":"2026-02-25T00:00:27","modified_gmt":"2026-02-25T00:00:27","slug":"sportski-prsluk-za-spasavanje-reef-iso-en12402-5-80-newton-80-kg","status":"publish","type":"product","link":"https:\/\/stoic-curie.212-227-153-4.plesk.page\/hr\/product\/sportski-prsluk-za-spasavanje-reef-iso-en12402-5-80-newton-80-kg\/","title":{"rendered":"Sportski prsluk za spa\u0161avanje Reef ISO EN12402-5 80 Newton + 80 kg"},"content":{"rendered":"<p>Sportski prsluk za spa\u0161avanje Reef ISO EN12402-5 80 Newton + 80 kg &#8211; <\/p>\n<p>Ergonomski i kompakt pomo\u0107nik za plovnost odobren prema ISO EN12402-5 s 50N. Preporu\u010duje ga najbolji amaterski \u0161ampioni katamarana. Tako\u0111er prikladno za rafting i vodeno skijanje. Sustav pode\u0161avanja sastoji se od tri remena s brzim kop\u010dama. 50N &#8211; pomo\u0107 MA flotu i plivanje. Ovo nije prsluk za spa\u0161avanje. Za redovne pliva\u010de. Koristiti blizu obale.<\/p>\n","protected":false},"excerpt":{"rendered":"<p>Sportski prsluk za spa\u0161avanje Reef ISO EN12402-5 80 Newton + 80 kg &#8211; Ergonomski i kompakt pomo\u0107nik za plovnost odobren<\/p>\n","protected":false},"featured_media":5935788,"comment_status":"closed","ping_status":"closed","template":"","meta":[],"product_brand":[3516],"product_cat":[1842,1603],"product_tag":[],"class_list":{"0":"post-3686558","1":"product","2":"type-product","3":"status-publish","4":"has-post-thumbnail","6":"product_brand-veleria-san-giorgio-hr","7":"product_cat-prsluci-za-spasavanje-za-sportove-na-vodi","8":"product_cat-uzgonska-pomagala","10":"first","11":"instock","12":"shipping-taxable","13":"purchasable","14":"product-type-simple"},"_links":{"self":[{"href":"https:\/\/stoic-curie.212-227-153-4.plesk.page\/hr\/wp-json\/wp\/v2\/product\/3686558","targetHints":{"allow":["GET"]}}],"collection":[{"href":"https:\/\/stoic-curie.212-227-153-4.plesk.page\/hr\/wp-json\/wp\/v2\/product"}],"about":[{"href":"https:\/\/stoic-curie.212-227-153-4.plesk.page\/hr\/wp-json\/wp\/v2\/types\/product"}],"replies":[{"embeddable":true,"href":"https:\/\/stoic-curie.212-227-153-4.plesk.page\/hr\/wp-json\/wp\/v2\/comments?post=3686558"}],"version-history":[{"count":0,"href":"https:\/\/stoic-curie.212-227-153-4.plesk.page\/hr\/wp-json\/wp\/v2\/product\/3686558\/revisions"}],"wp:featuredmedia":[{"embeddable":true,"href":"https:\/\/stoic-curie.212-227-153-4.plesk.page\/hr\/wp-json\/wp\/v2\/media\/5935788"}],"wp:attachment":[{"href":"https:\/\/stoic-curie.212-227-153-4.plesk.page\/hr\/wp-json\/wp\/v2\/media?parent=3686558"}],"wp:term":[{"taxonomy":"product_brand","embeddable":true,"href":"https:\/\/stoic-curie.212-227-153-4.plesk.page\/hr\/wp-json\/wp\/v2\/product_brand?post=3686558"},{"taxonomy":"product_cat","embeddable":true,"href":"https:\/\/stoic-curie.212-227-153-4.plesk.page\/hr\/wp-json\/wp\/v2\/product_cat?post=3686558"},{"taxonomy":"product_tag","embeddable":true,"href":"https:\/\/stoic-curie.212-227-153-4.plesk.page\/hr\/wp-json\/wp\/v2\/product_tag?post=3686558"}],"curies":[{"name":"wp","href":"https:\/\/api.w.org\/{rel}","templated":true}]}}