{"id":3686569,"date":"2025-10-13T13:26:00","date_gmt":"2025-10-13T17:26:00","guid":{"rendered":"https:\/\/stoic-curie.212-227-153-4.plesk.page\/product\/drzac-ribickog-stapa-od-nehrdajuceg-celika-podesivi-h370-mm-d40-mm\/"},"modified":"2026-02-25T00:00:27","modified_gmt":"2026-02-25T00:00:27","slug":"drzac-ribickog-stapa-od-nehrdajuceg-celika-podesivi-h370-mm-d40-mm","status":"publish","type":"product","link":"https:\/\/stoic-curie.212-227-153-4.plesk.page\/hr\/product\/drzac-ribickog-stapa-od-nehrdajuceg-celika-podesivi-h370-mm-d40-mm\/","title":{"rendered":"Dr\u017ea\u010d ribi\u010dkog \u0161tapa od nehr\u0111aju\u0107eg \u010delika, podesivi H370 Mm D40 Mm"},"content":{"rendered":"<p>Dr\u017ea\u010d ribi\u010dkog \u0161tapa od nehr\u0111aju\u0107eg \u010delika, podesivi H370 Mm D40 Mm &#8211; <\/p>\n<p>Prilagodljivi dr\u017ea\u010d ribolovne \u0161ipke od nehr\u0111aju\u0107eg \u010delika s ravnom podlogom.<\/p>\n","protected":false},"excerpt":{"rendered":"<p>Dr\u017ea\u010d ribi\u010dkog \u0161tapa od nehr\u0111aju\u0107eg \u010delika, podesivi H370 Mm D40 Mm &#8211; Prilagodljivi dr\u017ea\u010d ribolovne \u0161ipke od nehr\u0111aju\u0107eg \u010delika s<\/p>\n","protected":false},"featured_media":5935805,"comment_status":"closed","ping_status":"closed","template":"","meta":[],"product_brand":[2946],"product_cat":[1680],"product_tag":[],"class_list":{"0":"post-3686569","1":"product","2":"type-product","3":"status-publish","4":"has-post-thumbnail","6":"product_brand-foresti-suardi-hr","7":"product_cat-drzaci-stapova-za-ribolov","9":"first","10":"instock","11":"shipping-taxable","12":"purchasable","13":"product-type-simple"},"_links":{"self":[{"href":"https:\/\/stoic-curie.212-227-153-4.plesk.page\/hr\/wp-json\/wp\/v2\/product\/3686569","targetHints":{"allow":["GET"]}}],"collection":[{"href":"https:\/\/stoic-curie.212-227-153-4.plesk.page\/hr\/wp-json\/wp\/v2\/product"}],"about":[{"href":"https:\/\/stoic-curie.212-227-153-4.plesk.page\/hr\/wp-json\/wp\/v2\/types\/product"}],"replies":[{"embeddable":true,"href":"https:\/\/stoic-curie.212-227-153-4.plesk.page\/hr\/wp-json\/wp\/v2\/comments?post=3686569"}],"version-history":[{"count":0,"href":"https:\/\/stoic-curie.212-227-153-4.plesk.page\/hr\/wp-json\/wp\/v2\/product\/3686569\/revisions"}],"wp:featuredmedia":[{"embeddable":true,"href":"https:\/\/stoic-curie.212-227-153-4.plesk.page\/hr\/wp-json\/wp\/v2\/media\/5935805"}],"wp:attachment":[{"href":"https:\/\/stoic-curie.212-227-153-4.plesk.page\/hr\/wp-json\/wp\/v2\/media?parent=3686569"}],"wp:term":[{"taxonomy":"product_brand","embeddable":true,"href":"https:\/\/stoic-curie.212-227-153-4.plesk.page\/hr\/wp-json\/wp\/v2\/product_brand?post=3686569"},{"taxonomy":"product_cat","embeddable":true,"href":"https:\/\/stoic-curie.212-227-153-4.plesk.page\/hr\/wp-json\/wp\/v2\/product_cat?post=3686569"},{"taxonomy":"product_tag","embeddable":true,"href":"https:\/\/stoic-curie.212-227-153-4.plesk.page\/hr\/wp-json\/wp\/v2\/product_tag?post=3686569"}],"curies":[{"name":"wp","href":"https:\/\/api.w.org\/{rel}","templated":true}]}}