{"id":3686572,"date":"2025-10-13T13:26:01","date_gmt":"2025-10-13T17:26:01","guid":{"rendered":"https:\/\/stoic-curie.212-227-153-4.plesk.page\/product\/drzac-cilindricnog-rukohvata-sredisnji-nehrdajuci-celik-d22\/"},"modified":"2026-02-25T00:00:27","modified_gmt":"2026-02-25T00:00:27","slug":"drzac-cilindricnog-rukohvata-sredisnji-nehrdajuci-celik-d22","status":"publish","type":"product","link":"https:\/\/stoic-curie.212-227-153-4.plesk.page\/hr\/product\/drzac-cilindricnog-rukohvata-sredisnji-nehrdajuci-celik-d22\/","title":{"rendered":"Dr\u017eac cilindricnog rukohvata, sredi\u0161nji, nehr\u0111aju\u0107i \u010delik D22"},"content":{"rendered":"<p>Dr\u017eac cilindricnog rukohvata, sredi\u0161nji, nehr\u0111aju\u0107i \u010delik D22 &#8211; <\/p>\n<p>Od lijevanog i poliranog nehr\u0111aju\u0107eg \u010delika, \u010dvrsta (ne otisnuta) cilindri\u010dna podr\u0161ka za rukohvate. Uklju\u010duje M8 navoj.<\/p>\n","protected":false},"excerpt":{"rendered":"<p>Dr\u017eac cilindricnog rukohvata, sredi\u0161nji, nehr\u0111aju\u0107i \u010delik D22 &#8211; Od lijevanog i poliranog nehr\u0111aju\u0107eg \u010delika, \u010dvrsta (ne otisnuta) cilindri\u010dna podr\u0161ka za<\/p>\n","protected":false},"featured_media":5935811,"comment_status":"closed","ping_status":"closed","template":"","meta":[],"product_brand":[3121],"product_cat":[1707,1700],"product_tag":[],"class_list":{"0":"post-3686572","1":"product","2":"type-product","3":"status-publish","4":"has-post-thumbnail","6":"product_brand-marinetech-hr","7":"product_cat-brodski-rukohvati","8":"product_cat-elementi-brodskih-rukohvata","10":"first","11":"instock","12":"shipping-taxable","13":"purchasable","14":"product-type-simple"},"_links":{"self":[{"href":"https:\/\/stoic-curie.212-227-153-4.plesk.page\/hr\/wp-json\/wp\/v2\/product\/3686572","targetHints":{"allow":["GET"]}}],"collection":[{"href":"https:\/\/stoic-curie.212-227-153-4.plesk.page\/hr\/wp-json\/wp\/v2\/product"}],"about":[{"href":"https:\/\/stoic-curie.212-227-153-4.plesk.page\/hr\/wp-json\/wp\/v2\/types\/product"}],"replies":[{"embeddable":true,"href":"https:\/\/stoic-curie.212-227-153-4.plesk.page\/hr\/wp-json\/wp\/v2\/comments?post=3686572"}],"version-history":[{"count":0,"href":"https:\/\/stoic-curie.212-227-153-4.plesk.page\/hr\/wp-json\/wp\/v2\/product\/3686572\/revisions"}],"wp:featuredmedia":[{"embeddable":true,"href":"https:\/\/stoic-curie.212-227-153-4.plesk.page\/hr\/wp-json\/wp\/v2\/media\/5935811"}],"wp:attachment":[{"href":"https:\/\/stoic-curie.212-227-153-4.plesk.page\/hr\/wp-json\/wp\/v2\/media?parent=3686572"}],"wp:term":[{"taxonomy":"product_brand","embeddable":true,"href":"https:\/\/stoic-curie.212-227-153-4.plesk.page\/hr\/wp-json\/wp\/v2\/product_brand?post=3686572"},{"taxonomy":"product_cat","embeddable":true,"href":"https:\/\/stoic-curie.212-227-153-4.plesk.page\/hr\/wp-json\/wp\/v2\/product_cat?post=3686572"},{"taxonomy":"product_tag","embeddable":true,"href":"https:\/\/stoic-curie.212-227-153-4.plesk.page\/hr\/wp-json\/wp\/v2\/product_tag?post=3686572"}],"curies":[{"name":"wp","href":"https:\/\/api.w.org\/{rel}","templated":true}]}}