{"id":3686581,"date":"2025-10-13T13:26:03","date_gmt":"2025-10-13T17:26:03","guid":{"rendered":"https:\/\/stoic-curie.212-227-153-4.plesk.page\/product\/visenamjenska-brodska-pasta-za-poliranje-iosso-ml-250\/"},"modified":"2026-02-25T00:00:27","modified_gmt":"2026-02-25T00:00:27","slug":"visenamjenska-brodska-pasta-za-poliranje-iosso-ml-250","status":"publish","type":"product","link":"https:\/\/stoic-curie.212-227-153-4.plesk.page\/hr\/product\/visenamjenska-brodska-pasta-za-poliranje-iosso-ml-250\/","title":{"rendered":"Vi\u0161enamjenska brodska pasta za poliranje iosso ml. 250"},"content":{"rendered":"<p>Vi\u0161enamjenska brodska pasta za poliranje iosso ml. 250 &#8211; <\/p>\n<p>Za\u0161titna sredstvo za \u010di\u0161\u0107enje i poliranje Iosso Fiberglass &#038; Metal Restorer. Pogodno za bilo koji metal: nehr\u0111aju\u0107i \u010delik, mesing, kromirano bron\u010dano. Tako\u0111er obnavlja boju i \u0161titi izblijedjeli stakloplasti\u010dni materijal tijekom mjeseci.<\/p>\n","protected":false},"excerpt":{"rendered":"<p>Vi\u0161enamjenska brodska pasta za poliranje iosso ml. 250 &#8211; Za\u0161titna sredstvo za \u010di\u0161\u0107enje i poliranje Iosso Fiberglass &#038; Metal Restorer.<\/p>\n","protected":false},"featured_media":5935824,"comment_status":"closed","ping_status":"closed","template":"","meta":[],"product_brand":[3021],"product_cat":[1628,1626],"product_tag":[],"class_list":{"0":"post-3686581","1":"product","2":"type-product","3":"status-publish","4":"has-post-thumbnail","6":"product_brand-iosso-hr","7":"product_cat-proizvodi-za-ciscenje","8":"product_cat-proizvodi-za-odrzavanje","10":"first","11":"instock","12":"shipping-taxable","13":"purchasable","14":"product-type-simple"},"_links":{"self":[{"href":"https:\/\/stoic-curie.212-227-153-4.plesk.page\/hr\/wp-json\/wp\/v2\/product\/3686581","targetHints":{"allow":["GET"]}}],"collection":[{"href":"https:\/\/stoic-curie.212-227-153-4.plesk.page\/hr\/wp-json\/wp\/v2\/product"}],"about":[{"href":"https:\/\/stoic-curie.212-227-153-4.plesk.page\/hr\/wp-json\/wp\/v2\/types\/product"}],"replies":[{"embeddable":true,"href":"https:\/\/stoic-curie.212-227-153-4.plesk.page\/hr\/wp-json\/wp\/v2\/comments?post=3686581"}],"version-history":[{"count":0,"href":"https:\/\/stoic-curie.212-227-153-4.plesk.page\/hr\/wp-json\/wp\/v2\/product\/3686581\/revisions"}],"wp:featuredmedia":[{"embeddable":true,"href":"https:\/\/stoic-curie.212-227-153-4.plesk.page\/hr\/wp-json\/wp\/v2\/media\/5935824"}],"wp:attachment":[{"href":"https:\/\/stoic-curie.212-227-153-4.plesk.page\/hr\/wp-json\/wp\/v2\/media?parent=3686581"}],"wp:term":[{"taxonomy":"product_brand","embeddable":true,"href":"https:\/\/stoic-curie.212-227-153-4.plesk.page\/hr\/wp-json\/wp\/v2\/product_brand?post=3686581"},{"taxonomy":"product_cat","embeddable":true,"href":"https:\/\/stoic-curie.212-227-153-4.plesk.page\/hr\/wp-json\/wp\/v2\/product_cat?post=3686581"},{"taxonomy":"product_tag","embeddable":true,"href":"https:\/\/stoic-curie.212-227-153-4.plesk.page\/hr\/wp-json\/wp\/v2\/product_tag?post=3686581"}],"curies":[{"name":"wp","href":"https:\/\/api.w.org\/{rel}","templated":true}]}}