{"id":3686582,"date":"2025-10-13T13:26:03","date_gmt":"2025-10-13T17:26:03","guid":{"rendered":"https:\/\/stoic-curie.212-227-153-4.plesk.page\/product\/krema-za-poliranje-iosso-za-stakloplastiku-i-metal-50-ml\/"},"modified":"2026-02-25T00:00:27","modified_gmt":"2026-02-25T00:00:27","slug":"krema-za-poliranje-iosso-za-stakloplastiku-i-metal-50-ml","status":"publish","type":"product","link":"https:\/\/stoic-curie.212-227-153-4.plesk.page\/hr\/product\/krema-za-poliranje-iosso-za-stakloplastiku-i-metal-50-ml\/","title":{"rendered":"Krema za poliranje Iosso za stakloplastiku i metal 50 ml"},"content":{"rendered":"<p>Krema za poliranje Iosso za stakloplastiku i metal 50 ml &#8211; <\/p>\n<p>Za\u0161titna krem \u200b\u200bza \u010di\u0161\u0107enje i poliranje Iosso Fiberglass &#038; Metal Restorer. Pogodno za sve metale: nehr\u0111aju\u0107i \u010delik, mesing, kromirani bron\u010dani. Tako\u0111er obnavlja boju i \u0161titi izblijedjele staklene vlakna tijekom mjeseci.<\/p>\n","protected":false},"excerpt":{"rendered":"<p>Krema za poliranje Iosso za stakloplastiku i metal 50 ml &#8211; Za\u0161titna krem \u200b\u200bza \u010di\u0161\u0107enje i poliranje Iosso Fiberglass &#038;<\/p>\n","protected":false},"featured_media":5935824,"comment_status":"closed","ping_status":"closed","template":"","meta":[],"product_brand":[3021],"product_cat":[1628,1626],"product_tag":[],"class_list":{"0":"post-3686582","1":"product","2":"type-product","3":"status-publish","4":"has-post-thumbnail","6":"product_brand-iosso-hr","7":"product_cat-proizvodi-za-ciscenje","8":"product_cat-proizvodi-za-odrzavanje","10":"first","11":"instock","12":"shipping-taxable","13":"purchasable","14":"product-type-simple"},"_links":{"self":[{"href":"https:\/\/stoic-curie.212-227-153-4.plesk.page\/hr\/wp-json\/wp\/v2\/product\/3686582","targetHints":{"allow":["GET"]}}],"collection":[{"href":"https:\/\/stoic-curie.212-227-153-4.plesk.page\/hr\/wp-json\/wp\/v2\/product"}],"about":[{"href":"https:\/\/stoic-curie.212-227-153-4.plesk.page\/hr\/wp-json\/wp\/v2\/types\/product"}],"replies":[{"embeddable":true,"href":"https:\/\/stoic-curie.212-227-153-4.plesk.page\/hr\/wp-json\/wp\/v2\/comments?post=3686582"}],"version-history":[{"count":0,"href":"https:\/\/stoic-curie.212-227-153-4.plesk.page\/hr\/wp-json\/wp\/v2\/product\/3686582\/revisions"}],"wp:featuredmedia":[{"embeddable":true,"href":"https:\/\/stoic-curie.212-227-153-4.plesk.page\/hr\/wp-json\/wp\/v2\/media\/5935824"}],"wp:attachment":[{"href":"https:\/\/stoic-curie.212-227-153-4.plesk.page\/hr\/wp-json\/wp\/v2\/media?parent=3686582"}],"wp:term":[{"taxonomy":"product_brand","embeddable":true,"href":"https:\/\/stoic-curie.212-227-153-4.plesk.page\/hr\/wp-json\/wp\/v2\/product_brand?post=3686582"},{"taxonomy":"product_cat","embeddable":true,"href":"https:\/\/stoic-curie.212-227-153-4.plesk.page\/hr\/wp-json\/wp\/v2\/product_cat?post=3686582"},{"taxonomy":"product_tag","embeddable":true,"href":"https:\/\/stoic-curie.212-227-153-4.plesk.page\/hr\/wp-json\/wp\/v2\/product_tag?post=3686582"}],"curies":[{"name":"wp","href":"https:\/\/api.w.org\/{rel}","templated":true}]}}