{"id":3686583,"date":"2025-10-13T13:26:03","date_gmt":"2025-10-13T17:26:03","guid":{"rendered":"https:\/\/stoic-curie.212-227-153-4.plesk.page\/product\/iosso-raft-lux-750ml\/"},"modified":"2026-02-25T00:00:27","modified_gmt":"2026-02-25T00:00:27","slug":"iosso-raft-lux-750ml","status":"publish","type":"product","link":"https:\/\/stoic-curie.212-227-153-4.plesk.page\/hr\/product\/iosso-raft-lux-750ml\/","title":{"rendered":"Iosso Raft Lux 750ml"},"content":{"rendered":"<p>Iosso Raft Lux 750ml &#8211; <\/p>\n<p>Iosso Raft Lux je samopoliraju\u0107a elasti\u010dna za\u0161tita za gumenjake ili PVC \u010damce. Lako se nanosi, brzo se su\u0161i i dugo traje. Ostavlja za\u0161titni sloj s antislip u\u010dinkom koji spre\u010dava blije\u0111enje boja i UV o\u0161te\u0107enja te obnavlja sjaj na svim povr\u0161inama. Ne utje\u010de na boje, ne stvara debljinu i stvara barijeru protiv prljav\u0161tine. Povr\u0161ina mora biti o\u010di\u0161\u0107ena i suha, zatim nanesite i ostavite da se osu\u0161i.<\/p>\n","protected":false},"excerpt":{"rendered":"<p>Iosso Raft Lux 750ml &#8211; Iosso Raft Lux je samopoliraju\u0107a elasti\u010dna za\u0161tita za gumenjake ili PVC \u010damce. Lako se nanosi,<\/p>\n","protected":false},"featured_media":5935826,"comment_status":"closed","ping_status":"closed","template":"","meta":[],"product_brand":[3021],"product_cat":[1839,1628],"product_tag":[],"class_list":{"0":"post-3686583","1":"product","2":"type-product","3":"status-publish","4":"has-post-thumbnail","6":"product_brand-iosso-hr","7":"product_cat-oprema-za-pomocne-brodice","8":"product_cat-proizvodi-za-ciscenje","10":"first","11":"instock","12":"shipping-taxable","13":"purchasable","14":"product-type-simple"},"_links":{"self":[{"href":"https:\/\/stoic-curie.212-227-153-4.plesk.page\/hr\/wp-json\/wp\/v2\/product\/3686583","targetHints":{"allow":["GET"]}}],"collection":[{"href":"https:\/\/stoic-curie.212-227-153-4.plesk.page\/hr\/wp-json\/wp\/v2\/product"}],"about":[{"href":"https:\/\/stoic-curie.212-227-153-4.plesk.page\/hr\/wp-json\/wp\/v2\/types\/product"}],"replies":[{"embeddable":true,"href":"https:\/\/stoic-curie.212-227-153-4.plesk.page\/hr\/wp-json\/wp\/v2\/comments?post=3686583"}],"version-history":[{"count":0,"href":"https:\/\/stoic-curie.212-227-153-4.plesk.page\/hr\/wp-json\/wp\/v2\/product\/3686583\/revisions"}],"wp:featuredmedia":[{"embeddable":true,"href":"https:\/\/stoic-curie.212-227-153-4.plesk.page\/hr\/wp-json\/wp\/v2\/media\/5935826"}],"wp:attachment":[{"href":"https:\/\/stoic-curie.212-227-153-4.plesk.page\/hr\/wp-json\/wp\/v2\/media?parent=3686583"}],"wp:term":[{"taxonomy":"product_brand","embeddable":true,"href":"https:\/\/stoic-curie.212-227-153-4.plesk.page\/hr\/wp-json\/wp\/v2\/product_brand?post=3686583"},{"taxonomy":"product_cat","embeddable":true,"href":"https:\/\/stoic-curie.212-227-153-4.plesk.page\/hr\/wp-json\/wp\/v2\/product_cat?post=3686583"},{"taxonomy":"product_tag","embeddable":true,"href":"https:\/\/stoic-curie.212-227-153-4.plesk.page\/hr\/wp-json\/wp\/v2\/product_tag?post=3686583"}],"curies":[{"name":"wp","href":"https:\/\/api.w.org\/{rel}","templated":true}]}}