{"id":3686584,"date":"2025-10-13T13:26:03","date_gmt":"2025-10-13T17:26:03","guid":{"rendered":"https:\/\/stoic-curie.212-227-153-4.plesk.page\/product\/sol-za-odvlazivanje-500-grama\/"},"modified":"2026-02-25T00:00:27","modified_gmt":"2026-02-25T00:00:27","slug":"sol-za-odvlazivanje-500-grama","status":"publish","type":"product","link":"https:\/\/stoic-curie.212-227-153-4.plesk.page\/hr\/product\/sol-za-odvlazivanje-500-grama\/","title":{"rendered":"Sol za odvla\u017eivanje 500 grama"},"content":{"rendered":"<p>Sol za odvla\u017eivanje 500 grama &#8211; <\/p>\n<p>Torr-Ball stvara suho okru\u017eenje, uklanjaju\u0107i hr\u0111u, koroziju, prljav\u0161tinu i mirise plijesni. Ne zahtijeva skupe instalacije ni potro\u0161nju energije. Po\u010dinje raditi \u010dim su njegovi kristali u kontaktu s vla\u017eno\u0161\u0107u i radi tri mjeseca bez odr\u017eavanja. Pakiranje sadr\u017ei unutarnju ko\u0161aru i punjenje od 500 g kristala.<\/p>\n","protected":false},"excerpt":{"rendered":"<p>Sol za odvla\u017eivanje 500 grama &#8211; Torr-Ball stvara suho okru\u017eenje, uklanjaju\u0107i hr\u0111u, koroziju, prljav\u0161tinu i mirise plijesni. Ne zahtijeva skupe<\/p>\n","protected":false},"featured_media":5935827,"comment_status":"closed","ping_status":"closed","template":"","meta":[],"product_brand":[3236],"product_cat":[1626],"product_tag":[],"class_list":{"0":"post-3686584","1":"product","2":"type-product","3":"status-publish","4":"has-post-thumbnail","6":"product_brand-osculati-hr","7":"product_cat-proizvodi-za-odrzavanje","9":"first","10":"instock","11":"shipping-taxable","12":"purchasable","13":"product-type-simple"},"_links":{"self":[{"href":"https:\/\/stoic-curie.212-227-153-4.plesk.page\/hr\/wp-json\/wp\/v2\/product\/3686584","targetHints":{"allow":["GET"]}}],"collection":[{"href":"https:\/\/stoic-curie.212-227-153-4.plesk.page\/hr\/wp-json\/wp\/v2\/product"}],"about":[{"href":"https:\/\/stoic-curie.212-227-153-4.plesk.page\/hr\/wp-json\/wp\/v2\/types\/product"}],"replies":[{"embeddable":true,"href":"https:\/\/stoic-curie.212-227-153-4.plesk.page\/hr\/wp-json\/wp\/v2\/comments?post=3686584"}],"version-history":[{"count":0,"href":"https:\/\/stoic-curie.212-227-153-4.plesk.page\/hr\/wp-json\/wp\/v2\/product\/3686584\/revisions"}],"wp:featuredmedia":[{"embeddable":true,"href":"https:\/\/stoic-curie.212-227-153-4.plesk.page\/hr\/wp-json\/wp\/v2\/media\/5935827"}],"wp:attachment":[{"href":"https:\/\/stoic-curie.212-227-153-4.plesk.page\/hr\/wp-json\/wp\/v2\/media?parent=3686584"}],"wp:term":[{"taxonomy":"product_brand","embeddable":true,"href":"https:\/\/stoic-curie.212-227-153-4.plesk.page\/hr\/wp-json\/wp\/v2\/product_brand?post=3686584"},{"taxonomy":"product_cat","embeddable":true,"href":"https:\/\/stoic-curie.212-227-153-4.plesk.page\/hr\/wp-json\/wp\/v2\/product_cat?post=3686584"},{"taxonomy":"product_tag","embeddable":true,"href":"https:\/\/stoic-curie.212-227-153-4.plesk.page\/hr\/wp-json\/wp\/v2\/product_tag?post=3686584"}],"curies":[{"name":"wp","href":"https:\/\/api.w.org\/{rel}","templated":true}]}}