{"id":3686593,"date":"2025-10-13T13:26:06","date_gmt":"2025-10-13T17:26:06","guid":{"rendered":"https:\/\/stoic-curie.212-227-153-4.plesk.page\/product\/sikaflex-291-i-cure-crni-blister-70ml\/"},"modified":"2026-02-25T00:00:27","modified_gmt":"2026-02-25T00:00:27","slug":"sikaflex-291-i-cure-crni-blister-70ml","status":"publish","type":"product","link":"https:\/\/stoic-curie.212-227-153-4.plesk.page\/hr\/product\/sikaflex-291-i-cure-crni-blister-70ml\/","title":{"rendered":"Sikaflex 291 i-cure crni, blister 70ml"},"content":{"rendered":"<p>Sikaflex 291 i-cure crni, blister 70ml &#8211; <\/p>\n<p>Vi\u0161enamjenski silikonski materijal na bazi poliuretana i-cure, nova tehnologija koja se koristi u gradnji \u010damaca i plovila. Pogodno za elasti\u010dne i izdr\u017eljive brtve, dobro se prianja na ve\u0107inu uobi\u010dajenih podloga.<\/p>\n","protected":false},"excerpt":{"rendered":"<p>Sikaflex 291 i-cure crni, blister 70ml &#8211; Vi\u0161enamjenski silikonski materijal na bazi poliuretana i-cure, nova tehnologija koja se koristi u<\/p>\n","protected":false},"featured_media":5935835,"comment_status":"closed","ping_status":"closed","template":"","meta":[],"product_brand":[3396],"product_cat":[1637],"product_tag":[],"class_list":{"0":"post-3686593","1":"product","2":"type-product","3":"status-publish","4":"has-post-thumbnail","6":"product_brand-sika-marine-hr","7":"product_cat-ljepila-i-brtvila","9":"first","10":"instock","11":"shipping-taxable","12":"purchasable","13":"product-type-simple"},"_links":{"self":[{"href":"https:\/\/stoic-curie.212-227-153-4.plesk.page\/hr\/wp-json\/wp\/v2\/product\/3686593","targetHints":{"allow":["GET"]}}],"collection":[{"href":"https:\/\/stoic-curie.212-227-153-4.plesk.page\/hr\/wp-json\/wp\/v2\/product"}],"about":[{"href":"https:\/\/stoic-curie.212-227-153-4.plesk.page\/hr\/wp-json\/wp\/v2\/types\/product"}],"replies":[{"embeddable":true,"href":"https:\/\/stoic-curie.212-227-153-4.plesk.page\/hr\/wp-json\/wp\/v2\/comments?post=3686593"}],"version-history":[{"count":0,"href":"https:\/\/stoic-curie.212-227-153-4.plesk.page\/hr\/wp-json\/wp\/v2\/product\/3686593\/revisions"}],"wp:featuredmedia":[{"embeddable":true,"href":"https:\/\/stoic-curie.212-227-153-4.plesk.page\/hr\/wp-json\/wp\/v2\/media\/5935835"}],"wp:attachment":[{"href":"https:\/\/stoic-curie.212-227-153-4.plesk.page\/hr\/wp-json\/wp\/v2\/media?parent=3686593"}],"wp:term":[{"taxonomy":"product_brand","embeddable":true,"href":"https:\/\/stoic-curie.212-227-153-4.plesk.page\/hr\/wp-json\/wp\/v2\/product_brand?post=3686593"},{"taxonomy":"product_cat","embeddable":true,"href":"https:\/\/stoic-curie.212-227-153-4.plesk.page\/hr\/wp-json\/wp\/v2\/product_cat?post=3686593"},{"taxonomy":"product_tag","embeddable":true,"href":"https:\/\/stoic-curie.212-227-153-4.plesk.page\/hr\/wp-json\/wp\/v2\/product_tag?post=3686593"}],"curies":[{"name":"wp","href":"https:\/\/api.w.org\/{rel}","templated":true}]}}