{"id":3686601,"date":"2025-10-13T13:26:08","date_gmt":"2025-10-13T17:26:08","guid":{"rendered":"https:\/\/stoic-curie.212-227-153-4.plesk.page\/product\/obujmica-od-nehrdajuceg-celika-za-cijev-bimini-tende-od-25-mm\/"},"modified":"2026-02-25T00:00:27","modified_gmt":"2026-02-25T00:00:27","slug":"obujmica-od-nehrdajuceg-celika-za-cijev-bimini-tende-od-25-mm","status":"publish","type":"product","link":"https:\/\/stoic-curie.212-227-153-4.plesk.page\/hr\/product\/obujmica-od-nehrdajuceg-celika-za-cijev-bimini-tende-od-25-mm\/","title":{"rendered":"Obujmica od nehr\u0111aju\u0107eg \u010delika za cijev Bimini tende od 25 mm"},"content":{"rendered":"<p>Obujmica od nehr\u0111aju\u0107eg \u010delika za cijev Bimini tende od 25 mm &#8211; Uhvati s vilicom s jednostavnim pri\u010dvr\u0161\u0107ivanjem za Bimini i platno.<\/p>\n","protected":false},"excerpt":{"rendered":"<p>Obujmica od nehr\u0111aju\u0107eg \u010delika za cijev Bimini tende od 25 mm &#8211; Uhvati s vilicom s jednostavnim pri\u010dvr\u0161\u0107ivanjem za Bimini<\/p>\n","protected":false},"featured_media":5935864,"comment_status":"closed","ping_status":"closed","template":"","meta":[],"product_brand":[3121],"product_cat":[1689,1703],"product_tag":[],"class_list":{"0":"post-3686601","1":"product","2":"type-product","3":"status-publish","4":"has-post-thumbnail","6":"product_brand-marinetech-hr","7":"product_cat-bimini-tende","8":"product_cat-hardver-za-navlake-i-bimini","10":"first","11":"instock","12":"shipping-taxable","13":"purchasable","14":"product-type-simple"},"_links":{"self":[{"href":"https:\/\/stoic-curie.212-227-153-4.plesk.page\/hr\/wp-json\/wp\/v2\/product\/3686601","targetHints":{"allow":["GET"]}}],"collection":[{"href":"https:\/\/stoic-curie.212-227-153-4.plesk.page\/hr\/wp-json\/wp\/v2\/product"}],"about":[{"href":"https:\/\/stoic-curie.212-227-153-4.plesk.page\/hr\/wp-json\/wp\/v2\/types\/product"}],"replies":[{"embeddable":true,"href":"https:\/\/stoic-curie.212-227-153-4.plesk.page\/hr\/wp-json\/wp\/v2\/comments?post=3686601"}],"version-history":[{"count":0,"href":"https:\/\/stoic-curie.212-227-153-4.plesk.page\/hr\/wp-json\/wp\/v2\/product\/3686601\/revisions"}],"wp:featuredmedia":[{"embeddable":true,"href":"https:\/\/stoic-curie.212-227-153-4.plesk.page\/hr\/wp-json\/wp\/v2\/media\/5935864"}],"wp:attachment":[{"href":"https:\/\/stoic-curie.212-227-153-4.plesk.page\/hr\/wp-json\/wp\/v2\/media?parent=3686601"}],"wp:term":[{"taxonomy":"product_brand","embeddable":true,"href":"https:\/\/stoic-curie.212-227-153-4.plesk.page\/hr\/wp-json\/wp\/v2\/product_brand?post=3686601"},{"taxonomy":"product_cat","embeddable":true,"href":"https:\/\/stoic-curie.212-227-153-4.plesk.page\/hr\/wp-json\/wp\/v2\/product_cat?post=3686601"},{"taxonomy":"product_tag","embeddable":true,"href":"https:\/\/stoic-curie.212-227-153-4.plesk.page\/hr\/wp-json\/wp\/v2\/product_tag?post=3686601"}],"curies":[{"name":"wp","href":"https:\/\/api.w.org\/{rel}","templated":true}]}}