{"id":3686603,"date":"2025-10-13T13:26:08","date_gmt":"2025-10-13T17:26:08","guid":{"rendered":"https:\/\/stoic-curie.212-227-153-4.plesk.page\/product\/pelikan-kuke-od-nehrdajuceg-celika-m8-sa-stezaljkom-za-celicno-uze-4-mm\/"},"modified":"2026-02-25T00:00:27","modified_gmt":"2026-02-25T00:00:27","slug":"pelikan-kuke-od-nehrdajuceg-celika-m8-sa-stezaljkom-za-celicno-uze-4-mm","status":"publish","type":"product","link":"https:\/\/stoic-curie.212-227-153-4.plesk.page\/hr\/product\/pelikan-kuke-od-nehrdajuceg-celika-m8-sa-stezaljkom-za-celicno-uze-4-mm\/","title":{"rendered":"Pelikan kuke od nehr\u0111aju\u0107eg \u010delika M8 sa stezaljkom za \u010deli\u010dno u\u017ee 4 mm"},"content":{"rendered":"<p>Pelikan kuke od nehr\u0111aju\u0107eg \u010delika M8 sa stezaljkom za \u010deli\u010dno u\u017ee 4 mm &#8211; <\/p>\n<p>Pelikan kuke od nehr\u0111aju\u0107eg \u010delika 316 s terminalom za pritisak.<\/p>\n","protected":false},"excerpt":{"rendered":"<p>Pelikan kuke od nehr\u0111aju\u0107eg \u010delika M8 sa stezaljkom za \u010deli\u010dno u\u017ee 4 mm &#8211; Pelikan kuke od nehr\u0111aju\u0107eg \u010delika 316<\/p>\n","protected":false},"featured_media":5935867,"comment_status":"closed","ping_status":"closed","template":"","meta":[],"product_brand":[3121],"product_cat":[1696,1765,1758],"product_tag":[],"class_list":{"0":"post-3686603","1":"product","2":"type-product","3":"status-publish","4":"has-post-thumbnail","6":"product_brand-marinetech-hr","7":"product_cat-nehrdajuci-kabelski-terminali","8":"product_cat-pribor-i-oprema-za-brodice-i-jedrilice","9":"product_cat-stupici-jedrilica","11":"first","12":"instock","13":"shipping-taxable","14":"purchasable","15":"product-type-simple"},"_links":{"self":[{"href":"https:\/\/stoic-curie.212-227-153-4.plesk.page\/hr\/wp-json\/wp\/v2\/product\/3686603","targetHints":{"allow":["GET"]}}],"collection":[{"href":"https:\/\/stoic-curie.212-227-153-4.plesk.page\/hr\/wp-json\/wp\/v2\/product"}],"about":[{"href":"https:\/\/stoic-curie.212-227-153-4.plesk.page\/hr\/wp-json\/wp\/v2\/types\/product"}],"replies":[{"embeddable":true,"href":"https:\/\/stoic-curie.212-227-153-4.plesk.page\/hr\/wp-json\/wp\/v2\/comments?post=3686603"}],"version-history":[{"count":0,"href":"https:\/\/stoic-curie.212-227-153-4.plesk.page\/hr\/wp-json\/wp\/v2\/product\/3686603\/revisions"}],"wp:featuredmedia":[{"embeddable":true,"href":"https:\/\/stoic-curie.212-227-153-4.plesk.page\/hr\/wp-json\/wp\/v2\/media\/5935867"}],"wp:attachment":[{"href":"https:\/\/stoic-curie.212-227-153-4.plesk.page\/hr\/wp-json\/wp\/v2\/media?parent=3686603"}],"wp:term":[{"taxonomy":"product_brand","embeddable":true,"href":"https:\/\/stoic-curie.212-227-153-4.plesk.page\/hr\/wp-json\/wp\/v2\/product_brand?post=3686603"},{"taxonomy":"product_cat","embeddable":true,"href":"https:\/\/stoic-curie.212-227-153-4.plesk.page\/hr\/wp-json\/wp\/v2\/product_cat?post=3686603"},{"taxonomy":"product_tag","embeddable":true,"href":"https:\/\/stoic-curie.212-227-153-4.plesk.page\/hr\/wp-json\/wp\/v2\/product_tag?post=3686603"}],"curies":[{"name":"wp","href":"https:\/\/api.w.org\/{rel}","templated":true}]}}