{"id":3686605,"date":"2025-10-13T13:26:09","date_gmt":"2025-10-13T17:26:09","guid":{"rendered":"https:\/\/stoic-curie.212-227-153-4.plesk.page\/product\/rucna-pumpa-za-napuhavanje-bravo-110\/"},"modified":"2026-02-25T00:00:27","modified_gmt":"2026-02-25T00:00:27","slug":"rucna-pumpa-za-napuhavanje-bravo-110","status":"publish","type":"product","link":"https:\/\/stoic-curie.212-227-153-4.plesk.page\/hr\/product\/rucna-pumpa-za-napuhavanje-bravo-110\/","title":{"rendered":"Ru\u010dna pumpa za napuhavanje Bravo 110"},"content":{"rendered":"<p>Ru\u010dna pumpa za napuhavanje Bravo 110 &#8211; <\/p>\n<p>Zamjenjiva ru\u010dna pumpa s jednostrukom\/dvostrukom akcijom koja mo\u017ee napuhavati i ispumpavati. Tijelo od ABS-a i aluminija s ergonomskom dr\u0161kom, pro\u0161irenom bazom, vi\u0161estrukim priklju\u010dcima, manometrom, filtrom i prekida\u010dem za jednostruku akciju za smanjenje sile i postizanje visokih pritisaka. Dimenzije: 17 x 30 x H58 cm.<\/p>\n","protected":false},"excerpt":{"rendered":"<p>Ru\u010dna pumpa za napuhavanje Bravo 110 &#8211; Zamjenjiva ru\u010dna pumpa s jednostrukom\/dvostrukom akcijom koja mo\u017ee napuhavati i ispumpavati. Tijelo od<\/p>\n","protected":false},"featured_media":5935871,"comment_status":"closed","ping_status":"closed","template":"","meta":[],"product_brand":[2851],"product_cat":[1835],"product_tag":[],"class_list":{"0":"post-3686605","1":"product","2":"type-product","3":"status-publish","4":"has-post-thumbnail","6":"product_brand-bravo-scoprega-hr","7":"product_cat-pumpe-za-pneumatske-camce","9":"first","10":"instock","11":"shipping-taxable","12":"purchasable","13":"product-type-simple"},"_links":{"self":[{"href":"https:\/\/stoic-curie.212-227-153-4.plesk.page\/hr\/wp-json\/wp\/v2\/product\/3686605","targetHints":{"allow":["GET"]}}],"collection":[{"href":"https:\/\/stoic-curie.212-227-153-4.plesk.page\/hr\/wp-json\/wp\/v2\/product"}],"about":[{"href":"https:\/\/stoic-curie.212-227-153-4.plesk.page\/hr\/wp-json\/wp\/v2\/types\/product"}],"replies":[{"embeddable":true,"href":"https:\/\/stoic-curie.212-227-153-4.plesk.page\/hr\/wp-json\/wp\/v2\/comments?post=3686605"}],"version-history":[{"count":0,"href":"https:\/\/stoic-curie.212-227-153-4.plesk.page\/hr\/wp-json\/wp\/v2\/product\/3686605\/revisions"}],"wp:featuredmedia":[{"embeddable":true,"href":"https:\/\/stoic-curie.212-227-153-4.plesk.page\/hr\/wp-json\/wp\/v2\/media\/5935871"}],"wp:attachment":[{"href":"https:\/\/stoic-curie.212-227-153-4.plesk.page\/hr\/wp-json\/wp\/v2\/media?parent=3686605"}],"wp:term":[{"taxonomy":"product_brand","embeddable":true,"href":"https:\/\/stoic-curie.212-227-153-4.plesk.page\/hr\/wp-json\/wp\/v2\/product_brand?post=3686605"},{"taxonomy":"product_cat","embeddable":true,"href":"https:\/\/stoic-curie.212-227-153-4.plesk.page\/hr\/wp-json\/wp\/v2\/product_cat?post=3686605"},{"taxonomy":"product_tag","embeddable":true,"href":"https:\/\/stoic-curie.212-227-153-4.plesk.page\/hr\/wp-json\/wp\/v2\/product_tag?post=3686605"}],"curies":[{"name":"wp","href":"https:\/\/api.w.org\/{rel}","templated":true}]}}