{"id":3686609,"date":"2025-10-13T13:26:10","date_gmt":"2025-10-13T17:26:10","guid":{"rendered":"https:\/\/stoic-curie.212-227-153-4.plesk.page\/product\/drzac-za-ribicke-stapove-i-kuke-za-camce\/"},"modified":"2026-02-25T00:00:27","modified_gmt":"2026-02-25T00:00:27","slug":"drzac-za-ribicke-stapove-i-kuke-za-camce","status":"publish","type":"product","link":"https:\/\/stoic-curie.212-227-153-4.plesk.page\/hr\/product\/drzac-za-ribicke-stapove-i-kuke-za-camce\/","title":{"rendered":"Dr\u017ea\u010d za ribicke \u0161tapove i kuke za camce"},"content":{"rendered":"<p>Dr\u017ea\u010d za ribicke \u0161tapove i kuke za camce &#8211; <\/p>\n<p>Set pojedina\u010dnih dr\u017ea\u010da za \u0161tapove, u\u017ee za \u010damce itd.<\/p>\n","protected":false},"excerpt":{"rendered":"<p>Dr\u017ea\u010d za ribicke \u0161tapove i kuke za camce &#8211; Set pojedina\u010dnih dr\u017ea\u010da za \u0161tapove, u\u017ee za \u010damce itd.<\/p>\n","protected":false},"featured_media":5935876,"comment_status":"closed","ping_status":"closed","template":"","meta":[],"product_brand":[3236],"product_cat":[1680,1616,1843,1644],"product_tag":[],"class_list":{"0":"post-3686609","1":"product","2":"type-product","3":"status-publish","4":"has-post-thumbnail","6":"product_brand-osculati-hr","7":"product_cat-drzaci-stapova-za-ribolov","8":"product_cat-kuke-za-privez-i-pristajanje","9":"product_cat-oprema-za-ribolov-na-brodu","10":"product_cat-pribor-za-spremista","12":"first","13":"instock","14":"shipping-taxable","15":"purchasable","16":"product-type-simple"},"_links":{"self":[{"href":"https:\/\/stoic-curie.212-227-153-4.plesk.page\/hr\/wp-json\/wp\/v2\/product\/3686609","targetHints":{"allow":["GET"]}}],"collection":[{"href":"https:\/\/stoic-curie.212-227-153-4.plesk.page\/hr\/wp-json\/wp\/v2\/product"}],"about":[{"href":"https:\/\/stoic-curie.212-227-153-4.plesk.page\/hr\/wp-json\/wp\/v2\/types\/product"}],"replies":[{"embeddable":true,"href":"https:\/\/stoic-curie.212-227-153-4.plesk.page\/hr\/wp-json\/wp\/v2\/comments?post=3686609"}],"version-history":[{"count":0,"href":"https:\/\/stoic-curie.212-227-153-4.plesk.page\/hr\/wp-json\/wp\/v2\/product\/3686609\/revisions"}],"wp:featuredmedia":[{"embeddable":true,"href":"https:\/\/stoic-curie.212-227-153-4.plesk.page\/hr\/wp-json\/wp\/v2\/media\/5935876"}],"wp:attachment":[{"href":"https:\/\/stoic-curie.212-227-153-4.plesk.page\/hr\/wp-json\/wp\/v2\/media?parent=3686609"}],"wp:term":[{"taxonomy":"product_brand","embeddable":true,"href":"https:\/\/stoic-curie.212-227-153-4.plesk.page\/hr\/wp-json\/wp\/v2\/product_brand?post=3686609"},{"taxonomy":"product_cat","embeddable":true,"href":"https:\/\/stoic-curie.212-227-153-4.plesk.page\/hr\/wp-json\/wp\/v2\/product_cat?post=3686609"},{"taxonomy":"product_tag","embeddable":true,"href":"https:\/\/stoic-curie.212-227-153-4.plesk.page\/hr\/wp-json\/wp\/v2\/product_tag?post=3686609"}],"curies":[{"name":"wp","href":"https:\/\/api.w.org\/{rel}","templated":true}]}}