{"id":3686621,"date":"2025-10-13T13:26:13","date_gmt":"2025-10-13T17:26:13","guid":{"rendered":"https:\/\/stoic-curie.212-227-153-4.plesk.page\/product\/harpun-ploca-50-x-50-x-v70mm\/"},"modified":"2026-02-25T00:00:32","modified_gmt":"2026-02-25T00:00:32","slug":"harpun-ploca-50-x-50-x-v70mm","status":"publish","type":"product","link":"https:\/\/stoic-curie.212-227-153-4.plesk.page\/hr\/product\/harpun-ploca-50-x-50-x-v70mm\/","title":{"rendered":"Harpun plo\u010da 50 x 50 x V70mm"},"content":{"rendered":"<p>Harpun plo\u010da 50 x 50 x V70mm &#8211; <\/p>\n<p>Aluminijski podlo\u017eni i plo\u010de za u\u010dvr\u0161\u0107ivanje izolacijskih panela. Podlo\u0161ke 3320079 u\u010dvr\u0161\u0107uju panele pomo\u0107u samo-ureza\u010dih ili strojnih vijaka. Harpunaste plo\u010de 3320080 mogu se u\u010dvrstiti vijcima, staklenim vlaknima ili epoksidnim ljepilom. Paneli se probijaju harpunom na kojem se postavlja podlo\u0161ka 3320079, a zatim se harpun savija kako bi se u\u010dvrstila podlo\u0161ka i panel.<\/p>\n","protected":false},"excerpt":{"rendered":"<p>Harpun plo\u010da 50 x 50 x V70mm &#8211; Aluminijski podlo\u017eni i plo\u010de za u\u010dvr\u0161\u0107ivanje izolacijskih panela. Podlo\u0161ke 3320079 u\u010dvr\u0161\u0107uju panele<\/p>\n","protected":false},"featured_media":5935895,"comment_status":"closed","ping_status":"closed","template":"","meta":[],"product_brand":[3291],"product_cat":[1810],"product_tag":[],"class_list":{"0":"post-3686621","1":"product","2":"type-product","3":"status-publish","4":"has-post-thumbnail","6":"product_brand-quietlife-hr","7":"product_cat-izolacija-i-zvucna-izolacija","9":"first","10":"instock","11":"shipping-taxable","12":"purchasable","13":"product-type-simple"},"_links":{"self":[{"href":"https:\/\/stoic-curie.212-227-153-4.plesk.page\/hr\/wp-json\/wp\/v2\/product\/3686621","targetHints":{"allow":["GET"]}}],"collection":[{"href":"https:\/\/stoic-curie.212-227-153-4.plesk.page\/hr\/wp-json\/wp\/v2\/product"}],"about":[{"href":"https:\/\/stoic-curie.212-227-153-4.plesk.page\/hr\/wp-json\/wp\/v2\/types\/product"}],"replies":[{"embeddable":true,"href":"https:\/\/stoic-curie.212-227-153-4.plesk.page\/hr\/wp-json\/wp\/v2\/comments?post=3686621"}],"version-history":[{"count":0,"href":"https:\/\/stoic-curie.212-227-153-4.plesk.page\/hr\/wp-json\/wp\/v2\/product\/3686621\/revisions"}],"wp:featuredmedia":[{"embeddable":true,"href":"https:\/\/stoic-curie.212-227-153-4.plesk.page\/hr\/wp-json\/wp\/v2\/media\/5935895"}],"wp:attachment":[{"href":"https:\/\/stoic-curie.212-227-153-4.plesk.page\/hr\/wp-json\/wp\/v2\/media?parent=3686621"}],"wp:term":[{"taxonomy":"product_brand","embeddable":true,"href":"https:\/\/stoic-curie.212-227-153-4.plesk.page\/hr\/wp-json\/wp\/v2\/product_brand?post=3686621"},{"taxonomy":"product_cat","embeddable":true,"href":"https:\/\/stoic-curie.212-227-153-4.plesk.page\/hr\/wp-json\/wp\/v2\/product_cat?post=3686621"},{"taxonomy":"product_tag","embeddable":true,"href":"https:\/\/stoic-curie.212-227-153-4.plesk.page\/hr\/wp-json\/wp\/v2\/product_tag?post=3686621"}],"curies":[{"name":"wp","href":"https:\/\/api.w.org\/{rel}","templated":true}]}}