{"id":3686622,"date":"2025-10-13T13:26:13","date_gmt":"2025-10-13T17:26:13","guid":{"rendered":"https:\/\/stoic-curie.212-227-153-4.plesk.page\/product\/instant-teak-cleaner-teak-wonder-250-ml\/"},"modified":"2026-02-25T00:00:32","modified_gmt":"2026-02-25T00:00:32","slug":"instant-teak-cleaner-teak-wonder-250-ml","status":"publish","type":"product","link":"https:\/\/stoic-curie.212-227-153-4.plesk.page\/hr\/product\/instant-teak-cleaner-teak-wonder-250-ml\/","title":{"rendered":"Instant Teak Cleaner Teak Wonder 250 ml"},"content":{"rendered":"<p>Instant Teak Cleaner Teak Wonder 250 ml &#8211; Instant Teak Cleaner uklanja mrlje od masno\u0107e s malih podru\u010dja bez potrebe za temeljitim ispiranje. Mo\u017ee se koristiti na svim vrstama materijala, neobra\u0111enom ili obra\u0111enom teaku, plastici, staklenim vlaknima, tekstilu itd. Vi\u0161ekratno pritisnite mlaznicu kako biste dobili dovoljno pjene koja pokriva podru\u010dje koje se \u010disti. Lagano protrljajte instant teak cleaner s mekom \u010detkom kako biste omogu\u0107ili da pjena djeluje. Ostavite da djeluje najmanje 2-3 minute, a zatim uklonite vla\u017enom spu\u017evom. Ponovite postupak ako je potrebno. Boca od 250 ml.<\/p>\n","protected":false},"excerpt":{"rendered":"<p>Instant Teak Cleaner Teak Wonder 250 ml &#8211; Instant Teak Cleaner uklanja mrlje od masno\u0107e s malih podru\u010dja bez potrebe<\/p>\n","protected":false},"featured_media":5935898,"comment_status":"closed","ping_status":"closed","template":"","meta":[],"product_brand":[3456],"product_cat":[1625,1628],"product_tag":[],"class_list":{"0":"post-3686622","1":"product","2":"type-product","3":"status-publish","4":"has-post-thumbnail","6":"product_brand-teak-wonder-hr","7":"product_cat-brodski-lak-i-ulje-za-tikovinu","8":"product_cat-proizvodi-za-ciscenje","10":"first","11":"instock","12":"shipping-taxable","13":"purchasable","14":"product-type-simple"},"_links":{"self":[{"href":"https:\/\/stoic-curie.212-227-153-4.plesk.page\/hr\/wp-json\/wp\/v2\/product\/3686622","targetHints":{"allow":["GET"]}}],"collection":[{"href":"https:\/\/stoic-curie.212-227-153-4.plesk.page\/hr\/wp-json\/wp\/v2\/product"}],"about":[{"href":"https:\/\/stoic-curie.212-227-153-4.plesk.page\/hr\/wp-json\/wp\/v2\/types\/product"}],"replies":[{"embeddable":true,"href":"https:\/\/stoic-curie.212-227-153-4.plesk.page\/hr\/wp-json\/wp\/v2\/comments?post=3686622"}],"version-history":[{"count":0,"href":"https:\/\/stoic-curie.212-227-153-4.plesk.page\/hr\/wp-json\/wp\/v2\/product\/3686622\/revisions"}],"wp:featuredmedia":[{"embeddable":true,"href":"https:\/\/stoic-curie.212-227-153-4.plesk.page\/hr\/wp-json\/wp\/v2\/media\/5935898"}],"wp:attachment":[{"href":"https:\/\/stoic-curie.212-227-153-4.plesk.page\/hr\/wp-json\/wp\/v2\/media?parent=3686622"}],"wp:term":[{"taxonomy":"product_brand","embeddable":true,"href":"https:\/\/stoic-curie.212-227-153-4.plesk.page\/hr\/wp-json\/wp\/v2\/product_brand?post=3686622"},{"taxonomy":"product_cat","embeddable":true,"href":"https:\/\/stoic-curie.212-227-153-4.plesk.page\/hr\/wp-json\/wp\/v2\/product_cat?post=3686622"},{"taxonomy":"product_tag","embeddable":true,"href":"https:\/\/stoic-curie.212-227-153-4.plesk.page\/hr\/wp-json\/wp\/v2\/product_tag?post=3686622"}],"curies":[{"name":"wp","href":"https:\/\/api.w.org\/{rel}","templated":true}]}}