{"id":3686623,"date":"2025-10-13T13:26:13","date_gmt":"2025-10-13T17:26:13","guid":{"rendered":"https:\/\/stoic-curie.212-227-153-4.plesk.page\/product\/fiksna-pramcana-vodilica-sidra-150x75mm-nehrdajuci-celik\/"},"modified":"2026-02-25T00:00:32","modified_gmt":"2026-02-25T00:00:32","slug":"fiksna-pramcana-vodilica-sidra-150x75mm-nehrdajuci-celik","status":"publish","type":"product","link":"https:\/\/stoic-curie.212-227-153-4.plesk.page\/hr\/product\/fiksna-pramcana-vodilica-sidra-150x75mm-nehrdajuci-celik\/","title":{"rendered":"Fiksna pramcana vodilica sidra, 150&#215;7,5mm, nehr\u0111aju\u0107i \u010delik"},"content":{"rendered":"<p>Fiksna pramcana vodilica sidra, 150&#215;7,5mm, nehr\u0111aju\u0107i \u010delik &#8211; <\/p>\n<p>Fiksni provu\u010dni valjak od nehr\u0111aju\u0107eg \u010delika. D= Duljina \u0160= \u0160irina<\/p>\n","protected":false},"excerpt":{"rendered":"<p>Fiksna pramcana vodilica sidra, 150&#215;7,5mm, nehr\u0111aju\u0107i \u010delik &#8211; Fiksni provu\u010dni valjak od nehr\u0111aju\u0107eg \u010delika. D= Duljina \u0160= \u0160irina<\/p>\n","protected":false},"featured_media":5935899,"comment_status":"closed","ping_status":"closed","template":"","meta":[],"product_brand":[3121],"product_cat":[1709],"product_tag":[],"class_list":{"0":"post-3686623","1":"product","2":"type-product","3":"status-publish","4":"has-post-thumbnail","6":"product_brand-marinetech-hr","7":"product_cat-pramcane-koloture","9":"first","10":"instock","11":"shipping-taxable","12":"purchasable","13":"product-type-simple"},"_links":{"self":[{"href":"https:\/\/stoic-curie.212-227-153-4.plesk.page\/hr\/wp-json\/wp\/v2\/product\/3686623","targetHints":{"allow":["GET"]}}],"collection":[{"href":"https:\/\/stoic-curie.212-227-153-4.plesk.page\/hr\/wp-json\/wp\/v2\/product"}],"about":[{"href":"https:\/\/stoic-curie.212-227-153-4.plesk.page\/hr\/wp-json\/wp\/v2\/types\/product"}],"replies":[{"embeddable":true,"href":"https:\/\/stoic-curie.212-227-153-4.plesk.page\/hr\/wp-json\/wp\/v2\/comments?post=3686623"}],"version-history":[{"count":0,"href":"https:\/\/stoic-curie.212-227-153-4.plesk.page\/hr\/wp-json\/wp\/v2\/product\/3686623\/revisions"}],"wp:featuredmedia":[{"embeddable":true,"href":"https:\/\/stoic-curie.212-227-153-4.plesk.page\/hr\/wp-json\/wp\/v2\/media\/5935899"}],"wp:attachment":[{"href":"https:\/\/stoic-curie.212-227-153-4.plesk.page\/hr\/wp-json\/wp\/v2\/media?parent=3686623"}],"wp:term":[{"taxonomy":"product_brand","embeddable":true,"href":"https:\/\/stoic-curie.212-227-153-4.plesk.page\/hr\/wp-json\/wp\/v2\/product_brand?post=3686623"},{"taxonomy":"product_cat","embeddable":true,"href":"https:\/\/stoic-curie.212-227-153-4.plesk.page\/hr\/wp-json\/wp\/v2\/product_cat?post=3686623"},{"taxonomy":"product_tag","embeddable":true,"href":"https:\/\/stoic-curie.212-227-153-4.plesk.page\/hr\/wp-json\/wp\/v2\/product_tag?post=3686623"}],"curies":[{"name":"wp","href":"https:\/\/api.w.org\/{rel}","templated":true}]}}