{"id":3686625,"date":"2025-10-13T13:26:14","date_gmt":"2025-10-13T17:26:14","guid":{"rendered":"https:\/\/stoic-curie.212-227-153-4.plesk.page\/product\/pin-od-nehrdajuceg-celika-za-snast-jedrilica-4-x-13mm\/"},"modified":"2026-02-25T00:00:32","modified_gmt":"2026-02-25T00:00:32","slug":"pin-od-nehrdajuceg-celika-za-snast-jedrilica-4-x-13mm","status":"publish","type":"product","link":"https:\/\/stoic-curie.212-227-153-4.plesk.page\/hr\/product\/pin-od-nehrdajuceg-celika-za-snast-jedrilica-4-x-13mm\/","title":{"rendered":"Pin od nehr\u0111aju\u0107eg \u010delika za snast jedrilica 4 x 13mm"},"content":{"rendered":"<p>Pin od nehr\u0111aju\u0107eg \u010delika za snast jedrilica 4 x 13mm &#8211; \u010celi\u010dne igle, razdjelne igle, idealne za rigging jedrilica. Zamjenske igle od nehr\u0111aju\u0107eg \u010delika AISI 316. Veli\u010dina: \u00d8 4 mm, Duljina 13 mm.<\/p>\n","protected":false},"excerpt":{"rendered":"<p>Pin od nehr\u0111aju\u0107eg \u010delika za snast jedrilica 4 x 13mm &#8211; \u010celi\u010dne igle, razdjelne igle, idealne za rigging jedrilica. Zamjenske<\/p>\n","protected":false},"featured_media":5935913,"comment_status":"closed","ping_status":"closed","template":"","meta":[],"product_brand":[3121],"product_cat":[1765],"product_tag":[],"class_list":{"0":"post-3686625","1":"product","2":"type-product","3":"status-publish","4":"has-post-thumbnail","6":"product_brand-marinetech-hr","7":"product_cat-pribor-i-oprema-za-brodice-i-jedrilice","9":"first","10":"instock","11":"shipping-taxable","12":"purchasable","13":"product-type-simple"},"_links":{"self":[{"href":"https:\/\/stoic-curie.212-227-153-4.plesk.page\/hr\/wp-json\/wp\/v2\/product\/3686625","targetHints":{"allow":["GET"]}}],"collection":[{"href":"https:\/\/stoic-curie.212-227-153-4.plesk.page\/hr\/wp-json\/wp\/v2\/product"}],"about":[{"href":"https:\/\/stoic-curie.212-227-153-4.plesk.page\/hr\/wp-json\/wp\/v2\/types\/product"}],"replies":[{"embeddable":true,"href":"https:\/\/stoic-curie.212-227-153-4.plesk.page\/hr\/wp-json\/wp\/v2\/comments?post=3686625"}],"version-history":[{"count":0,"href":"https:\/\/stoic-curie.212-227-153-4.plesk.page\/hr\/wp-json\/wp\/v2\/product\/3686625\/revisions"}],"wp:featuredmedia":[{"embeddable":true,"href":"https:\/\/stoic-curie.212-227-153-4.plesk.page\/hr\/wp-json\/wp\/v2\/media\/5935913"}],"wp:attachment":[{"href":"https:\/\/stoic-curie.212-227-153-4.plesk.page\/hr\/wp-json\/wp\/v2\/media?parent=3686625"}],"wp:term":[{"taxonomy":"product_brand","embeddable":true,"href":"https:\/\/stoic-curie.212-227-153-4.plesk.page\/hr\/wp-json\/wp\/v2\/product_brand?post=3686625"},{"taxonomy":"product_cat","embeddable":true,"href":"https:\/\/stoic-curie.212-227-153-4.plesk.page\/hr\/wp-json\/wp\/v2\/product_cat?post=3686625"},{"taxonomy":"product_tag","embeddable":true,"href":"https:\/\/stoic-curie.212-227-153-4.plesk.page\/hr\/wp-json\/wp\/v2\/product_tag?post=3686625"}],"curies":[{"name":"wp","href":"https:\/\/api.w.org\/{rel}","templated":true}]}}