{"id":3686627,"date":"2025-10-13T13:26:14","date_gmt":"2025-10-13T17:26:14","guid":{"rendered":"https:\/\/stoic-curie.212-227-153-4.plesk.page\/product\/pin-od-nehrdajuceg-celika-za-snast-jedrilica-5-x-12mm\/"},"modified":"2026-02-25T00:00:32","modified_gmt":"2026-02-25T00:00:32","slug":"pin-od-nehrdajuceg-celika-za-snast-jedrilica-5-x-12mm","status":"publish","type":"product","link":"https:\/\/stoic-curie.212-227-153-4.plesk.page\/hr\/product\/pin-od-nehrdajuceg-celika-za-snast-jedrilica-5-x-12mm\/","title":{"rendered":"Pin od nehr\u0111aju\u0107eg \u010delika za snast jedrilica 5 x 12mm"},"content":{"rendered":"<p>Pin od nehr\u0111aju\u0107eg \u010delika za snast jedrilica 5 x 12mm &#8211; Nehr\u0111aju\u0107i \u010deli\u010dni klinovi, razdjelni klinovi, idealni za rigging jedrilica. Zamjenski klinovi od nehr\u0111aju\u0107eg \u010delika AISI 316. Veli\u010dina: \u00d8 5 mm, Duljina: 12 mm.<\/p>\n","protected":false},"excerpt":{"rendered":"<p>Pin od nehr\u0111aju\u0107eg \u010delika za snast jedrilica 5 x 12mm &#8211; Nehr\u0111aju\u0107i \u010deli\u010dni klinovi, razdjelni klinovi, idealni za rigging jedrilica.<\/p>\n","protected":false},"featured_media":5935915,"comment_status":"closed","ping_status":"closed","template":"","meta":[],"product_brand":[3121],"product_cat":[1765],"product_tag":[],"class_list":{"0":"post-3686627","1":"product","2":"type-product","3":"status-publish","4":"has-post-thumbnail","6":"product_brand-marinetech-hr","7":"product_cat-pribor-i-oprema-za-brodice-i-jedrilice","9":"first","10":"instock","11":"shipping-taxable","12":"purchasable","13":"product-type-simple"},"_links":{"self":[{"href":"https:\/\/stoic-curie.212-227-153-4.plesk.page\/hr\/wp-json\/wp\/v2\/product\/3686627","targetHints":{"allow":["GET"]}}],"collection":[{"href":"https:\/\/stoic-curie.212-227-153-4.plesk.page\/hr\/wp-json\/wp\/v2\/product"}],"about":[{"href":"https:\/\/stoic-curie.212-227-153-4.plesk.page\/hr\/wp-json\/wp\/v2\/types\/product"}],"replies":[{"embeddable":true,"href":"https:\/\/stoic-curie.212-227-153-4.plesk.page\/hr\/wp-json\/wp\/v2\/comments?post=3686627"}],"version-history":[{"count":0,"href":"https:\/\/stoic-curie.212-227-153-4.plesk.page\/hr\/wp-json\/wp\/v2\/product\/3686627\/revisions"}],"wp:featuredmedia":[{"embeddable":true,"href":"https:\/\/stoic-curie.212-227-153-4.plesk.page\/hr\/wp-json\/wp\/v2\/media\/5935915"}],"wp:attachment":[{"href":"https:\/\/stoic-curie.212-227-153-4.plesk.page\/hr\/wp-json\/wp\/v2\/media?parent=3686627"}],"wp:term":[{"taxonomy":"product_brand","embeddable":true,"href":"https:\/\/stoic-curie.212-227-153-4.plesk.page\/hr\/wp-json\/wp\/v2\/product_brand?post=3686627"},{"taxonomy":"product_cat","embeddable":true,"href":"https:\/\/stoic-curie.212-227-153-4.plesk.page\/hr\/wp-json\/wp\/v2\/product_cat?post=3686627"},{"taxonomy":"product_tag","embeddable":true,"href":"https:\/\/stoic-curie.212-227-153-4.plesk.page\/hr\/wp-json\/wp\/v2\/product_tag?post=3686627"}],"curies":[{"name":"wp","href":"https:\/\/api.w.org\/{rel}","templated":true}]}}