{"id":3686632,"date":"2025-10-13T13:26:15","date_gmt":"2025-10-13T17:26:15","guid":{"rendered":"https:\/\/stoic-curie.212-227-153-4.plesk.page\/product\/elasticni-konop-s-kuglicama-4-mm-x-40-cm\/"},"modified":"2026-02-25T00:00:32","modified_gmt":"2026-02-25T00:00:32","slug":"elasticni-konop-s-kuglicama-4-mm-x-40-cm","status":"publish","type":"product","link":"https:\/\/stoic-curie.212-227-153-4.plesk.page\/hr\/product\/elasticni-konop-s-kuglicama-4-mm-x-40-cm\/","title":{"rendered":"Elasticni konop s kuglicama 4 mm x 40 cm"},"content":{"rendered":"<p>Elasticni konop s kuglicama 4 mm x 40 cm &#8211; U\u017ee s lopticama. Konop \u00d8 4 mm. 2 boje plasti\u010dnih loptica. Pakiranje od 20 komada.<\/p>\n","protected":false},"excerpt":{"rendered":"<p>Elasticni konop s kuglicama 4 mm x 40 cm &#8211; U\u017ee s lopticama. Konop \u00d8 4 mm. 2 boje plasti\u010dnih<\/p>\n","protected":false},"featured_media":5935921,"comment_status":"closed","ping_status":"closed","template":"","meta":[],"product_brand":[3236],"product_cat":[1608,1771],"product_tag":[],"class_list":{"0":"post-3686632","1":"product","2":"type-product","3":"status-publish","4":"has-post-thumbnail","6":"product_brand-osculati-hr","7":"product_cat-elasticno-uze","8":"product_cat-oprema-za-jedrilice-oprema-za-jedrilice","10":"first","11":"instock","12":"shipping-taxable","13":"purchasable","14":"product-type-simple"},"_links":{"self":[{"href":"https:\/\/stoic-curie.212-227-153-4.plesk.page\/hr\/wp-json\/wp\/v2\/product\/3686632","targetHints":{"allow":["GET"]}}],"collection":[{"href":"https:\/\/stoic-curie.212-227-153-4.plesk.page\/hr\/wp-json\/wp\/v2\/product"}],"about":[{"href":"https:\/\/stoic-curie.212-227-153-4.plesk.page\/hr\/wp-json\/wp\/v2\/types\/product"}],"replies":[{"embeddable":true,"href":"https:\/\/stoic-curie.212-227-153-4.plesk.page\/hr\/wp-json\/wp\/v2\/comments?post=3686632"}],"version-history":[{"count":0,"href":"https:\/\/stoic-curie.212-227-153-4.plesk.page\/hr\/wp-json\/wp\/v2\/product\/3686632\/revisions"}],"wp:featuredmedia":[{"embeddable":true,"href":"https:\/\/stoic-curie.212-227-153-4.plesk.page\/hr\/wp-json\/wp\/v2\/media\/5935921"}],"wp:attachment":[{"href":"https:\/\/stoic-curie.212-227-153-4.plesk.page\/hr\/wp-json\/wp\/v2\/media?parent=3686632"}],"wp:term":[{"taxonomy":"product_brand","embeddable":true,"href":"https:\/\/stoic-curie.212-227-153-4.plesk.page\/hr\/wp-json\/wp\/v2\/product_brand?post=3686632"},{"taxonomy":"product_cat","embeddable":true,"href":"https:\/\/stoic-curie.212-227-153-4.plesk.page\/hr\/wp-json\/wp\/v2\/product_cat?post=3686632"},{"taxonomy":"product_tag","embeddable":true,"href":"https:\/\/stoic-curie.212-227-153-4.plesk.page\/hr\/wp-json\/wp\/v2\/product_tag?post=3686632"}],"curies":[{"name":"wp","href":"https:\/\/api.w.org\/{rel}","templated":true}]}}