{"id":3686635,"date":"2025-10-13T13:26:16","date_gmt":"2025-10-13T17:26:16","guid":{"rendered":"https:\/\/stoic-curie.212-227-153-4.plesk.page\/product\/kromirana-glava-za-tus\/"},"modified":"2026-02-25T00:00:32","modified_gmt":"2026-02-25T00:00:32","slug":"kromirana-glava-za-tus","status":"publish","type":"product","link":"https:\/\/stoic-curie.212-227-153-4.plesk.page\/hr\/product\/kromirana-glava-za-tus\/","title":{"rendered":"Kromirana glava za tu\u0161"},"content":{"rendered":"<p>Kromirana glava za tu\u0161 &#8211; Tu\u0161 od bijelog ABS-a. Spoj 1\/2&#8243; mu\u0161ki. Tu\u0161 glava s gumbom od kromiranog mesinga.<\/p>\n","protected":false},"excerpt":{"rendered":"<p>Kromirana glava za tu\u0161 &#8211; Tu\u0161 od bijelog ABS-a. Spoj 1\/2&#8243; mu\u0161ki. Tu\u0161 glava s gumbom od kromiranog mesinga.<\/p>\n","protected":false},"featured_media":5935925,"comment_status":"closed","ping_status":"closed","template":"","meta":[],"product_brand":[2856],"product_cat":[1652],"product_tag":[],"class_list":{"0":"post-3686635","1":"product","2":"type-product","3":"status-publish","4":"has-post-thumbnail","6":"product_brand-can-marine-hr","7":"product_cat-brodski-tusevi","9":"first","10":"instock","11":"shipping-taxable","12":"purchasable","13":"product-type-simple"},"_links":{"self":[{"href":"https:\/\/stoic-curie.212-227-153-4.plesk.page\/hr\/wp-json\/wp\/v2\/product\/3686635","targetHints":{"allow":["GET"]}}],"collection":[{"href":"https:\/\/stoic-curie.212-227-153-4.plesk.page\/hr\/wp-json\/wp\/v2\/product"}],"about":[{"href":"https:\/\/stoic-curie.212-227-153-4.plesk.page\/hr\/wp-json\/wp\/v2\/types\/product"}],"replies":[{"embeddable":true,"href":"https:\/\/stoic-curie.212-227-153-4.plesk.page\/hr\/wp-json\/wp\/v2\/comments?post=3686635"}],"version-history":[{"count":0,"href":"https:\/\/stoic-curie.212-227-153-4.plesk.page\/hr\/wp-json\/wp\/v2\/product\/3686635\/revisions"}],"wp:featuredmedia":[{"embeddable":true,"href":"https:\/\/stoic-curie.212-227-153-4.plesk.page\/hr\/wp-json\/wp\/v2\/media\/5935925"}],"wp:attachment":[{"href":"https:\/\/stoic-curie.212-227-153-4.plesk.page\/hr\/wp-json\/wp\/v2\/media?parent=3686635"}],"wp:term":[{"taxonomy":"product_brand","embeddable":true,"href":"https:\/\/stoic-curie.212-227-153-4.plesk.page\/hr\/wp-json\/wp\/v2\/product_brand?post=3686635"},{"taxonomy":"product_cat","embeddable":true,"href":"https:\/\/stoic-curie.212-227-153-4.plesk.page\/hr\/wp-json\/wp\/v2\/product_cat?post=3686635"},{"taxonomy":"product_tag","embeddable":true,"href":"https:\/\/stoic-curie.212-227-153-4.plesk.page\/hr\/wp-json\/wp\/v2\/product_tag?post=3686635"}],"curies":[{"name":"wp","href":"https:\/\/api.w.org\/{rel}","templated":true}]}}