{"id":3686638,"date":"2025-10-13T13:26:17","date_gmt":"2025-10-13T17:26:17","guid":{"rendered":"https:\/\/stoic-curie.212-227-153-4.plesk.page\/product\/abs-nosac-za-deck-mate-jastucice-za-ciscenje-palube\/"},"modified":"2026-02-25T00:00:32","modified_gmt":"2026-02-25T00:00:32","slug":"abs-nosac-za-deck-mate-jastucice-za-ciscenje-palube","status":"publish","type":"product","link":"https:\/\/stoic-curie.212-227-153-4.plesk.page\/hr\/product\/abs-nosac-za-deck-mate-jastucice-za-ciscenje-palube\/","title":{"rendered":"ABS nosa\u010d za Deck Mate jastu\u010dice za \u010di\u0161\u0107enje palube"},"content":{"rendered":"<p>ABS nosa\u010d za Deck Mate jastu\u010dice za \u010di\u0161\u0107enje palube &#8211; Multidirekcijska rotacijska plo\u010da omogu\u0107uje jednostavan pristup svim podru\u010djima. Izra\u0111ena od izdr\u017eljive ABS plastike. Stra\u017enja strana s \u010di\u010dkom za pri\u010dvr\u0161\u0107ivanje Deck Mate jastu\u010di\u0107a za ribanje (art. 0920250\/1) ili glava za pranje (0920230).<\/p>\n","protected":false},"excerpt":{"rendered":"<p>ABS nosa\u010d za Deck Mate jastu\u010dice za \u010di\u0161\u0107enje palube &#8211; Multidirekcijska rotacijska plo\u010da omogu\u0107uje jednostavan pristup svim podru\u010djima. Izra\u0111ena od<\/p>\n","protected":false},"featured_media":5935930,"comment_status":"closed","ping_status":"closed","template":"","meta":[],"product_brand":[3236],"product_cat":[1633],"product_tag":[],"class_list":{"0":"post-3686638","1":"product","2":"type-product","3":"status-publish","4":"has-post-thumbnail","6":"product_brand-osculati-hr","7":"product_cat-cetke-za-ciscenje","9":"first","10":"instock","11":"shipping-taxable","12":"purchasable","13":"product-type-simple"},"_links":{"self":[{"href":"https:\/\/stoic-curie.212-227-153-4.plesk.page\/hr\/wp-json\/wp\/v2\/product\/3686638","targetHints":{"allow":["GET"]}}],"collection":[{"href":"https:\/\/stoic-curie.212-227-153-4.plesk.page\/hr\/wp-json\/wp\/v2\/product"}],"about":[{"href":"https:\/\/stoic-curie.212-227-153-4.plesk.page\/hr\/wp-json\/wp\/v2\/types\/product"}],"replies":[{"embeddable":true,"href":"https:\/\/stoic-curie.212-227-153-4.plesk.page\/hr\/wp-json\/wp\/v2\/comments?post=3686638"}],"version-history":[{"count":0,"href":"https:\/\/stoic-curie.212-227-153-4.plesk.page\/hr\/wp-json\/wp\/v2\/product\/3686638\/revisions"}],"wp:featuredmedia":[{"embeddable":true,"href":"https:\/\/stoic-curie.212-227-153-4.plesk.page\/hr\/wp-json\/wp\/v2\/media\/5935930"}],"wp:attachment":[{"href":"https:\/\/stoic-curie.212-227-153-4.plesk.page\/hr\/wp-json\/wp\/v2\/media?parent=3686638"}],"wp:term":[{"taxonomy":"product_brand","embeddable":true,"href":"https:\/\/stoic-curie.212-227-153-4.plesk.page\/hr\/wp-json\/wp\/v2\/product_brand?post=3686638"},{"taxonomy":"product_cat","embeddable":true,"href":"https:\/\/stoic-curie.212-227-153-4.plesk.page\/hr\/wp-json\/wp\/v2\/product_cat?post=3686638"},{"taxonomy":"product_tag","embeddable":true,"href":"https:\/\/stoic-curie.212-227-153-4.plesk.page\/hr\/wp-json\/wp\/v2\/product_tag?post=3686638"}],"curies":[{"name":"wp","href":"https:\/\/api.w.org\/{rel}","templated":true}]}}