{"id":3686639,"date":"2025-10-13T13:26:17","date_gmt":"2025-10-13T17:26:17","guid":{"rendered":"https:\/\/stoic-curie.212-227-153-4.plesk.page\/product\/podloga-od-mikrovlakana-deckmate\/"},"modified":"2026-02-25T00:00:32","modified_gmt":"2026-02-25T00:00:32","slug":"podloga-od-mikrovlakana-deckmate","status":"publish","type":"product","link":"https:\/\/stoic-curie.212-227-153-4.plesk.page\/hr\/product\/podloga-od-mikrovlakana-deckmate\/","title":{"rendered":"Podloga od mikrovlakana Deckmate"},"content":{"rendered":"<p>Podloga od mikrovlakana Deckmate &#8211; Specijalne mikrofibre su nje\u017ene, ali u\u010dinkovite u \u010di\u0161\u0107enju svih povr\u0161ina. Savr\u0161ene za pranje lakiranih povr\u0161ina i prozirnih zavjesa. Koristite je suhom za brisanje pra\u0161ine s podova i jo\u0161 vi\u0161e. Rotiraju\u0107a glava omogu\u0107ava lako \u010di\u0161\u0107enje svih podru\u010dja.<\/p>\n","protected":false},"excerpt":{"rendered":"<p>Podloga od mikrovlakana Deckmate &#8211; Specijalne mikrofibre su nje\u017ene, ali u\u010dinkovite u \u010di\u0161\u0107enju svih povr\u0161ina. Savr\u0161ene za pranje lakiranih povr\u0161ina<\/p>\n","protected":false},"featured_media":5935932,"comment_status":"closed","ping_status":"closed","template":"","meta":[],"product_brand":[3236],"product_cat":[1633],"product_tag":[],"class_list":{"0":"post-3686639","1":"product","2":"type-product","3":"status-publish","4":"has-post-thumbnail","6":"product_brand-osculati-hr","7":"product_cat-cetke-za-ciscenje","9":"first","10":"instock","11":"shipping-taxable","12":"purchasable","13":"product-type-simple"},"_links":{"self":[{"href":"https:\/\/stoic-curie.212-227-153-4.plesk.page\/hr\/wp-json\/wp\/v2\/product\/3686639","targetHints":{"allow":["GET"]}}],"collection":[{"href":"https:\/\/stoic-curie.212-227-153-4.plesk.page\/hr\/wp-json\/wp\/v2\/product"}],"about":[{"href":"https:\/\/stoic-curie.212-227-153-4.plesk.page\/hr\/wp-json\/wp\/v2\/types\/product"}],"replies":[{"embeddable":true,"href":"https:\/\/stoic-curie.212-227-153-4.plesk.page\/hr\/wp-json\/wp\/v2\/comments?post=3686639"}],"version-history":[{"count":0,"href":"https:\/\/stoic-curie.212-227-153-4.plesk.page\/hr\/wp-json\/wp\/v2\/product\/3686639\/revisions"}],"wp:featuredmedia":[{"embeddable":true,"href":"https:\/\/stoic-curie.212-227-153-4.plesk.page\/hr\/wp-json\/wp\/v2\/media\/5935932"}],"wp:attachment":[{"href":"https:\/\/stoic-curie.212-227-153-4.plesk.page\/hr\/wp-json\/wp\/v2\/media?parent=3686639"}],"wp:term":[{"taxonomy":"product_brand","embeddable":true,"href":"https:\/\/stoic-curie.212-227-153-4.plesk.page\/hr\/wp-json\/wp\/v2\/product_brand?post=3686639"},{"taxonomy":"product_cat","embeddable":true,"href":"https:\/\/stoic-curie.212-227-153-4.plesk.page\/hr\/wp-json\/wp\/v2\/product_cat?post=3686639"},{"taxonomy":"product_tag","embeddable":true,"href":"https:\/\/stoic-curie.212-227-153-4.plesk.page\/hr\/wp-json\/wp\/v2\/product_tag?post=3686639"}],"curies":[{"name":"wp","href":"https:\/\/api.w.org\/{rel}","templated":true}]}}