{"id":3686640,"date":"2025-10-13T13:26:17","date_gmt":"2025-10-13T17:26:17","guid":{"rendered":"https:\/\/stoic-curie.212-227-153-4.plesk.page\/product\/deterdzent-za-rucno-pranje-posuda-bez-pjene-boca-od-1-lt\/"},"modified":"2026-02-25T00:00:32","modified_gmt":"2026-02-25T00:00:32","slug":"deterdzent-za-rucno-pranje-posuda-bez-pjene-boca-od-1-lt","status":"publish","type":"product","link":"https:\/\/stoic-curie.212-227-153-4.plesk.page\/hr\/product\/deterdzent-za-rucno-pranje-posuda-bez-pjene-boca-od-1-lt\/","title":{"rendered":"Deterd\u017eent za rucno pranje posuda bez pjene, boca od 1 Lt."},"content":{"rendered":"<p>Deterd\u017eent za rucno pranje posuda bez pjene, boca od 1 Lt. &#8211; <\/p>\n<p>Sredstvo za pranje posu\u0111a bez pjene. Ekolo\u0161ki, ne tro\u0161i vodu za ispiranje i ne blokira kanalizaciju.<\/p>\n","protected":false},"excerpt":{"rendered":"<p>Deterd\u017eent za rucno pranje posuda bez pjene, boca od 1 Lt. &#8211; Sredstvo za pranje posu\u0111a bez pjene. Ekolo\u0161ki, ne<\/p>\n","protected":false},"featured_media":5935939,"comment_status":"closed","ping_status":"closed","template":"","meta":[],"product_brand":[2871],"product_cat":[1645,1628],"product_tag":[],"class_list":{"0":"post-3686640","1":"product","2":"type-product","3":"status-publish","4":"has-post-thumbnail","6":"product_brand-crc-marine-hr","7":"product_cat-brodsko-posude","8":"product_cat-proizvodi-za-ciscenje","10":"first","11":"instock","12":"shipping-taxable","13":"purchasable","14":"product-type-simple"},"_links":{"self":[{"href":"https:\/\/stoic-curie.212-227-153-4.plesk.page\/hr\/wp-json\/wp\/v2\/product\/3686640","targetHints":{"allow":["GET"]}}],"collection":[{"href":"https:\/\/stoic-curie.212-227-153-4.plesk.page\/hr\/wp-json\/wp\/v2\/product"}],"about":[{"href":"https:\/\/stoic-curie.212-227-153-4.plesk.page\/hr\/wp-json\/wp\/v2\/types\/product"}],"replies":[{"embeddable":true,"href":"https:\/\/stoic-curie.212-227-153-4.plesk.page\/hr\/wp-json\/wp\/v2\/comments?post=3686640"}],"version-history":[{"count":0,"href":"https:\/\/stoic-curie.212-227-153-4.plesk.page\/hr\/wp-json\/wp\/v2\/product\/3686640\/revisions"}],"wp:featuredmedia":[{"embeddable":true,"href":"https:\/\/stoic-curie.212-227-153-4.plesk.page\/hr\/wp-json\/wp\/v2\/media\/5935939"}],"wp:attachment":[{"href":"https:\/\/stoic-curie.212-227-153-4.plesk.page\/hr\/wp-json\/wp\/v2\/media?parent=3686640"}],"wp:term":[{"taxonomy":"product_brand","embeddable":true,"href":"https:\/\/stoic-curie.212-227-153-4.plesk.page\/hr\/wp-json\/wp\/v2\/product_brand?post=3686640"},{"taxonomy":"product_cat","embeddable":true,"href":"https:\/\/stoic-curie.212-227-153-4.plesk.page\/hr\/wp-json\/wp\/v2\/product_cat?post=3686640"},{"taxonomy":"product_tag","embeddable":true,"href":"https:\/\/stoic-curie.212-227-153-4.plesk.page\/hr\/wp-json\/wp\/v2\/product_tag?post=3686640"}],"curies":[{"name":"wp","href":"https:\/\/api.w.org\/{rel}","templated":true}]}}