{"id":3686672,"date":"2025-10-13T13:26:26","date_gmt":"2025-10-13T17:26:26","guid":{"rendered":"https:\/\/stoic-curie.212-227-153-4.plesk.page\/product\/prijenosni-kompas-blackie-75-x-54-x-25-mm\/"},"modified":"2026-02-25T00:00:32","modified_gmt":"2026-02-25T00:00:32","slug":"prijenosni-kompas-blackie-75-x-54-x-25-mm","status":"publish","type":"product","link":"https:\/\/stoic-curie.212-227-153-4.plesk.page\/hr\/product\/prijenosni-kompas-blackie-75-x-54-x-25-mm\/","title":{"rendered":"Prijenosni kompas Blackie 75 x 54 x 25 mm"},"content":{"rendered":"<p>Prijenosni kompas Blackie 75 x 54 x 25 mm &#8211; <\/p>\n<p>Plasti\u010dni kompas na ru\u010dno punjenje teku\u0107inom s pove\u0107alom i ciljnim pokaziva\u010dem.<\/p>\n","protected":false},"excerpt":{"rendered":"<p>Prijenosni kompas Blackie 75 x 54 x 25 mm &#8211; Plasti\u010dni kompas na ru\u010dno punjenje teku\u0107inom s pove\u0107alom i ciljnim<\/p>\n","protected":false},"featured_media":5936046,"comment_status":"closed","ping_status":"closed","template":"","meta":[],"product_brand":[3306],"product_cat":[1775],"product_tag":[],"class_list":{"0":"post-3686672","1":"product","2":"type-product","3":"status-publish","4":"has-post-thumbnail","6":"product_brand-riviera-hr","7":"product_cat-rucni-brodski-kompasi","9":"first","10":"instock","11":"shipping-taxable","12":"purchasable","13":"product-type-simple"},"_links":{"self":[{"href":"https:\/\/stoic-curie.212-227-153-4.plesk.page\/hr\/wp-json\/wp\/v2\/product\/3686672","targetHints":{"allow":["GET"]}}],"collection":[{"href":"https:\/\/stoic-curie.212-227-153-4.plesk.page\/hr\/wp-json\/wp\/v2\/product"}],"about":[{"href":"https:\/\/stoic-curie.212-227-153-4.plesk.page\/hr\/wp-json\/wp\/v2\/types\/product"}],"replies":[{"embeddable":true,"href":"https:\/\/stoic-curie.212-227-153-4.plesk.page\/hr\/wp-json\/wp\/v2\/comments?post=3686672"}],"version-history":[{"count":0,"href":"https:\/\/stoic-curie.212-227-153-4.plesk.page\/hr\/wp-json\/wp\/v2\/product\/3686672\/revisions"}],"wp:featuredmedia":[{"embeddable":true,"href":"https:\/\/stoic-curie.212-227-153-4.plesk.page\/hr\/wp-json\/wp\/v2\/media\/5936046"}],"wp:attachment":[{"href":"https:\/\/stoic-curie.212-227-153-4.plesk.page\/hr\/wp-json\/wp\/v2\/media?parent=3686672"}],"wp:term":[{"taxonomy":"product_brand","embeddable":true,"href":"https:\/\/stoic-curie.212-227-153-4.plesk.page\/hr\/wp-json\/wp\/v2\/product_brand?post=3686672"},{"taxonomy":"product_cat","embeddable":true,"href":"https:\/\/stoic-curie.212-227-153-4.plesk.page\/hr\/wp-json\/wp\/v2\/product_cat?post=3686672"},{"taxonomy":"product_tag","embeddable":true,"href":"https:\/\/stoic-curie.212-227-153-4.plesk.page\/hr\/wp-json\/wp\/v2\/product_tag?post=3686672"}],"curies":[{"name":"wp","href":"https:\/\/api.w.org\/{rel}","templated":true}]}}