{"id":3686685,"date":"2025-10-13T13:26:29","date_gmt":"2025-10-13T17:26:29","guid":{"rendered":"https:\/\/stoic-curie.212-227-153-4.plesk.page\/product\/konop-za-spasavanje-solas\/"},"modified":"2026-02-25T00:00:32","modified_gmt":"2026-02-25T00:00:32","slug":"konop-za-spasavanje-solas","status":"publish","type":"product","link":"https:\/\/stoic-curie.212-227-153-4.plesk.page\/hr\/product\/konop-za-spasavanje-solas\/","title":{"rendered":"Konop za spa\u0161avanje, Solas"},"content":{"rendered":"<p>Konop za spa\u0161avanje, Solas &#8211; <\/p>\n<p>Paket za bacanje linije za spa\u0161avanje u krutoj torbi za ring boje za spa\u0161avanje s unutarnjim promjerom od 45 cm. Uskla\u0111eno s SOLAS i DM385 29\/09\/99 za trgova\u010dku i rekreativnu plovidbu. Linija za spa\u0161avanje \u00d8 8 mm x Duljina 30 m &#8211; Raskidna nosivost: 400 kg.<\/p>\n","protected":false},"excerpt":{"rendered":"<p>Konop za spa\u0161avanje, Solas &#8211; Paket za bacanje linije za spa\u0161avanje u krutoj torbi za ring boje za spa\u0161avanje s<\/p>\n","protected":false},"featured_media":5936079,"comment_status":"closed","ping_status":"closed","template":"","meta":[],"product_brand":[3516],"product_cat":[1604],"product_tag":[],"class_list":{"0":"post-3686685","1":"product","2":"type-product","3":"status-publish","4":"has-post-thumbnail","6":"product_brand-veleria-san-giorgio-hr","7":"product_cat-pojasevi-za-spasavanje-i-remenje","9":"first","10":"instock","11":"shipping-taxable","12":"purchasable","13":"product-type-simple"},"_links":{"self":[{"href":"https:\/\/stoic-curie.212-227-153-4.plesk.page\/hr\/wp-json\/wp\/v2\/product\/3686685","targetHints":{"allow":["GET"]}}],"collection":[{"href":"https:\/\/stoic-curie.212-227-153-4.plesk.page\/hr\/wp-json\/wp\/v2\/product"}],"about":[{"href":"https:\/\/stoic-curie.212-227-153-4.plesk.page\/hr\/wp-json\/wp\/v2\/types\/product"}],"replies":[{"embeddable":true,"href":"https:\/\/stoic-curie.212-227-153-4.plesk.page\/hr\/wp-json\/wp\/v2\/comments?post=3686685"}],"version-history":[{"count":0,"href":"https:\/\/stoic-curie.212-227-153-4.plesk.page\/hr\/wp-json\/wp\/v2\/product\/3686685\/revisions"}],"wp:featuredmedia":[{"embeddable":true,"href":"https:\/\/stoic-curie.212-227-153-4.plesk.page\/hr\/wp-json\/wp\/v2\/media\/5936079"}],"wp:attachment":[{"href":"https:\/\/stoic-curie.212-227-153-4.plesk.page\/hr\/wp-json\/wp\/v2\/media?parent=3686685"}],"wp:term":[{"taxonomy":"product_brand","embeddable":true,"href":"https:\/\/stoic-curie.212-227-153-4.plesk.page\/hr\/wp-json\/wp\/v2\/product_brand?post=3686685"},{"taxonomy":"product_cat","embeddable":true,"href":"https:\/\/stoic-curie.212-227-153-4.plesk.page\/hr\/wp-json\/wp\/v2\/product_cat?post=3686685"},{"taxonomy":"product_tag","embeddable":true,"href":"https:\/\/stoic-curie.212-227-153-4.plesk.page\/hr\/wp-json\/wp\/v2\/product_tag?post=3686685"}],"curies":[{"name":"wp","href":"https:\/\/api.w.org\/{rel}","templated":true}]}}