{"id":3686686,"date":"2025-10-13T13:26:29","date_gmt":"2025-10-13T17:26:29","guid":{"rendered":"https:\/\/stoic-curie.212-227-153-4.plesk.page\/product\/odobreni-prsluk-za-spasavanje-vsg-martinica-150n-15-30kg\/"},"modified":"2026-02-25T00:00:32","modified_gmt":"2026-02-25T00:00:32","slug":"odobreni-prsluk-za-spasavanje-vsg-martinica-150n-15-30kg","status":"publish","type":"product","link":"https:\/\/stoic-curie.212-227-153-4.plesk.page\/hr\/product\/odobreni-prsluk-za-spasavanje-vsg-martinica-150n-15-30kg\/","title":{"rendered":"Odobreni prsluk za spa\u0161avanje VSG Martinica 150N 15-30kg"},"content":{"rendered":"<p>Odobreni prsluk za spa\u0161avanje VSG Martinica 150N 15-30kg &#8211; <\/p>\n<p>150N udobna i prenosiva pjena prsluk za spa\u0161avanje, EN ISO 12402-3 certificiran za offshore u\u017eivanje izvan 6 milja od obale. Zna\u010dajke: materijal otporan na kidanje, patentni zatvara\u010d, 2 pojasa s brzim otpu\u0161tanjem, donja i me\u0111usobna traka, reflektiraju\u0107i flasteri i zvi\u017edaljka. 150N &#8211; Za offshore kori\u0161tenje, \u010dak i za bez svijesti osobe.<\/p>\n","protected":false},"excerpt":{"rendered":"<p>Odobreni prsluk za spa\u0161avanje VSG Martinica 150N 15-30kg &#8211; 150N udobna i prenosiva pjena prsluk za spa\u0161avanje, EN ISO 12402-3<\/p>\n","protected":false},"featured_media":5936092,"comment_status":"closed","ping_status":"closed","template":"","meta":[],"product_brand":[3516],"product_cat":[1606],"product_tag":[],"class_list":{"0":"post-3686686","1":"product","2":"type-product","3":"status-publish","4":"has-post-thumbnail","6":"product_brand-veleria-san-giorgio-hr","7":"product_cat-djecji-prsluci-za-spasavanje","9":"first","10":"instock","11":"shipping-taxable","12":"purchasable","13":"product-type-simple"},"_links":{"self":[{"href":"https:\/\/stoic-curie.212-227-153-4.plesk.page\/hr\/wp-json\/wp\/v2\/product\/3686686","targetHints":{"allow":["GET"]}}],"collection":[{"href":"https:\/\/stoic-curie.212-227-153-4.plesk.page\/hr\/wp-json\/wp\/v2\/product"}],"about":[{"href":"https:\/\/stoic-curie.212-227-153-4.plesk.page\/hr\/wp-json\/wp\/v2\/types\/product"}],"replies":[{"embeddable":true,"href":"https:\/\/stoic-curie.212-227-153-4.plesk.page\/hr\/wp-json\/wp\/v2\/comments?post=3686686"}],"version-history":[{"count":0,"href":"https:\/\/stoic-curie.212-227-153-4.plesk.page\/hr\/wp-json\/wp\/v2\/product\/3686686\/revisions"}],"wp:featuredmedia":[{"embeddable":true,"href":"https:\/\/stoic-curie.212-227-153-4.plesk.page\/hr\/wp-json\/wp\/v2\/media\/5936092"}],"wp:attachment":[{"href":"https:\/\/stoic-curie.212-227-153-4.plesk.page\/hr\/wp-json\/wp\/v2\/media?parent=3686686"}],"wp:term":[{"taxonomy":"product_brand","embeddable":true,"href":"https:\/\/stoic-curie.212-227-153-4.plesk.page\/hr\/wp-json\/wp\/v2\/product_brand?post=3686686"},{"taxonomy":"product_cat","embeddable":true,"href":"https:\/\/stoic-curie.212-227-153-4.plesk.page\/hr\/wp-json\/wp\/v2\/product_cat?post=3686686"},{"taxonomy":"product_tag","embeddable":true,"href":"https:\/\/stoic-curie.212-227-153-4.plesk.page\/hr\/wp-json\/wp\/v2\/product_tag?post=3686686"}],"curies":[{"name":"wp","href":"https:\/\/api.w.org\/{rel}","templated":true}]}}