{"id":3686688,"date":"2025-10-13T13:26:30","date_gmt":"2025-10-13T17:26:30","guid":{"rendered":"https:\/\/stoic-curie.212-227-153-4.plesk.page\/product\/ojacana-pvc-cilindricna-napuhavajuca-sjedala-700-x300-mm\/"},"modified":"2026-02-25T00:00:32","modified_gmt":"2026-02-25T00:00:32","slug":"ojacana-pvc-cilindricna-napuhavajuca-sjedala-700-x300-mm","status":"publish","type":"product","link":"https:\/\/stoic-curie.212-227-153-4.plesk.page\/hr\/product\/ojacana-pvc-cilindricna-napuhavajuca-sjedala-700-x300-mm\/","title":{"rendered":"Oja\u010dana pvc cilindri\u010dna napuhavaju\u0107a sjedala 700 x300 mm"},"content":{"rendered":"<p>Oja\u010dana pvc cilindri\u010dna napuhavaju\u0107a sjedala 700 x300 mm &#8211; <\/p>\n<p>Oja\u010dana PVC cilindri\u010dna napuhavajuca sjedala za \u010damce.<\/p>\n","protected":false},"excerpt":{"rendered":"<p>Oja\u010dana pvc cilindri\u010dna napuhavaju\u0107a sjedala 700 x300 mm &#8211; Oja\u010dana PVC cilindri\u010dna napuhavajuca sjedala za \u010damce.<\/p>\n","protected":false},"featured_media":5936101,"comment_status":"closed","ping_status":"closed","template":"","meta":[],"product_brand":[2966],"product_cat":[1839],"product_tag":[],"class_list":{"0":"post-3686688","1":"product","2":"type-product","3":"status-publish","4":"has-post-thumbnail","6":"product_brand-garelick-hr","7":"product_cat-oprema-za-pomocne-brodice","9":"first","10":"instock","11":"shipping-taxable","12":"purchasable","13":"product-type-simple"},"_links":{"self":[{"href":"https:\/\/stoic-curie.212-227-153-4.plesk.page\/hr\/wp-json\/wp\/v2\/product\/3686688","targetHints":{"allow":["GET"]}}],"collection":[{"href":"https:\/\/stoic-curie.212-227-153-4.plesk.page\/hr\/wp-json\/wp\/v2\/product"}],"about":[{"href":"https:\/\/stoic-curie.212-227-153-4.plesk.page\/hr\/wp-json\/wp\/v2\/types\/product"}],"replies":[{"embeddable":true,"href":"https:\/\/stoic-curie.212-227-153-4.plesk.page\/hr\/wp-json\/wp\/v2\/comments?post=3686688"}],"version-history":[{"count":0,"href":"https:\/\/stoic-curie.212-227-153-4.plesk.page\/hr\/wp-json\/wp\/v2\/product\/3686688\/revisions"}],"wp:featuredmedia":[{"embeddable":true,"href":"https:\/\/stoic-curie.212-227-153-4.plesk.page\/hr\/wp-json\/wp\/v2\/media\/5936101"}],"wp:attachment":[{"href":"https:\/\/stoic-curie.212-227-153-4.plesk.page\/hr\/wp-json\/wp\/v2\/media?parent=3686688"}],"wp:term":[{"taxonomy":"product_brand","embeddable":true,"href":"https:\/\/stoic-curie.212-227-153-4.plesk.page\/hr\/wp-json\/wp\/v2\/product_brand?post=3686688"},{"taxonomy":"product_cat","embeddable":true,"href":"https:\/\/stoic-curie.212-227-153-4.plesk.page\/hr\/wp-json\/wp\/v2\/product_cat?post=3686688"},{"taxonomy":"product_tag","embeddable":true,"href":"https:\/\/stoic-curie.212-227-153-4.plesk.page\/hr\/wp-json\/wp\/v2\/product_tag?post=3686688"}],"curies":[{"name":"wp","href":"https:\/\/api.w.org\/{rel}","templated":true}]}}