{"id":3686692,"date":"2025-10-13T13:26:31","date_gmt":"2025-10-13T17:26:31","guid":{"rendered":"https:\/\/stoic-curie.212-227-153-4.plesk.page\/product\/crno-rucno-vitlo-630kg-1-brzina\/"},"modified":"2026-02-25T00:00:32","modified_gmt":"2026-02-25T00:00:32","slug":"crno-rucno-vitlo-630kg-1-brzina","status":"publish","type":"product","link":"https:\/\/stoic-curie.212-227-153-4.plesk.page\/hr\/product\/crno-rucno-vitlo-630kg-1-brzina\/","title":{"rendered":"Crno ru\u010dno vitlo 630kg 1 Brzina"},"content":{"rendered":"<p>Crno ru\u010dno vitlo 630kg 1 Brzina &#8211; <\/p>\n<p>Ru\u010dni vitlovi za jednostavno podizanje \u010damaca. Maksimalna te\u017eina kg: te\u017einska granica koju vitlo mo\u017ee podr\u017eati pri horizontalnom vu\u0107i s optimalnim klizanjem. Pri nagnutim optere\u0107enjima preporu\u010duje se ne prekora\u010diti dvije tre\u0107ine te\u017einske granice. Isporu\u010duje se bez \u010deli\u010dne \u017eice ili trake.<\/p>\n","protected":false},"excerpt":{"rendered":"<p>Crno ru\u010dno vitlo 630kg 1 Brzina &#8211; Ru\u010dni vitlovi za jednostavno podizanje \u010damaca. Maksimalna te\u017eina kg: te\u017einska granica koju vitlo<\/p>\n","protected":false},"featured_media":5936105,"comment_status":"closed","ping_status":"closed","template":"","meta":[],"product_brand":[2891],"product_cat":[1834],"product_tag":[],"class_list":{"0":"post-3686692","1":"product","2":"type-product","3":"status-publish","4":"has-post-thumbnail","6":"product_brand-domar-hr","7":"product_cat-vitla-za-prikolice-za-brodove","9":"first","10":"instock","11":"shipping-taxable","12":"purchasable","13":"product-type-simple"},"_links":{"self":[{"href":"https:\/\/stoic-curie.212-227-153-4.plesk.page\/hr\/wp-json\/wp\/v2\/product\/3686692","targetHints":{"allow":["GET"]}}],"collection":[{"href":"https:\/\/stoic-curie.212-227-153-4.plesk.page\/hr\/wp-json\/wp\/v2\/product"}],"about":[{"href":"https:\/\/stoic-curie.212-227-153-4.plesk.page\/hr\/wp-json\/wp\/v2\/types\/product"}],"replies":[{"embeddable":true,"href":"https:\/\/stoic-curie.212-227-153-4.plesk.page\/hr\/wp-json\/wp\/v2\/comments?post=3686692"}],"version-history":[{"count":0,"href":"https:\/\/stoic-curie.212-227-153-4.plesk.page\/hr\/wp-json\/wp\/v2\/product\/3686692\/revisions"}],"wp:featuredmedia":[{"embeddable":true,"href":"https:\/\/stoic-curie.212-227-153-4.plesk.page\/hr\/wp-json\/wp\/v2\/media\/5936105"}],"wp:attachment":[{"href":"https:\/\/stoic-curie.212-227-153-4.plesk.page\/hr\/wp-json\/wp\/v2\/media?parent=3686692"}],"wp:term":[{"taxonomy":"product_brand","embeddable":true,"href":"https:\/\/stoic-curie.212-227-153-4.plesk.page\/hr\/wp-json\/wp\/v2\/product_brand?post=3686692"},{"taxonomy":"product_cat","embeddable":true,"href":"https:\/\/stoic-curie.212-227-153-4.plesk.page\/hr\/wp-json\/wp\/v2\/product_cat?post=3686692"},{"taxonomy":"product_tag","embeddable":true,"href":"https:\/\/stoic-curie.212-227-153-4.plesk.page\/hr\/wp-json\/wp\/v2\/product_tag?post=3686692"}],"curies":[{"name":"wp","href":"https:\/\/api.w.org\/{rel}","templated":true}]}}