{"id":3686693,"date":"2025-10-13T13:26:31","date_gmt":"2025-10-13T17:26:31","guid":{"rendered":"https:\/\/stoic-curie.212-227-153-4.plesk.page\/product\/mornarski-noz-macs-crni-185-cm\/"},"modified":"2026-02-25T00:00:32","modified_gmt":"2026-02-25T00:00:32","slug":"mornarski-noz-macs-crni-185-cm","status":"publish","type":"product","link":"https:\/\/stoic-curie.212-227-153-4.plesk.page\/hr\/product\/mornarski-noz-macs-crni-185-cm\/","title":{"rendered":"Mornarski no\u017e Macs crni 18,5 cm"},"content":{"rendered":"<p>Mornarski no\u017e Macs crni 18,5 cm &#8211; <\/p>\n<p>Plasti\u010dno za\u0161ti\u0107eni no\u017e za rezanje log linija. Dolazi s omotom. Omogu\u0107uje sigurno rezanje svake vrste log linije ili remena.<\/p>\n","protected":false},"excerpt":{"rendered":"<p>Mornarski no\u017e Macs crni 18,5 cm &#8211; Plasti\u010dno za\u0161ti\u0107eni no\u017e za rezanje log linija. Dolazi s omotom. Omogu\u0107uje sigurno rezanje<\/p>\n","protected":false},"featured_media":5936109,"comment_status":"closed","ping_status":"closed","template":"","meta":[],"product_brand":[3081],"product_cat":[1613,1856,1844],"product_tag":[],"class_list":{"0":"post-3686693","1":"product","2":"type-product","3":"status-publish","4":"has-post-thumbnail","6":"product_brand-macs-hr","7":"product_cat-alati-za-rezanje","8":"product_cat-jedrilicarski-nozevi-i-alati","9":"product_cat-oprema-za-ronjenje","11":"first","12":"instock","13":"shipping-taxable","14":"purchasable","15":"product-type-simple"},"_links":{"self":[{"href":"https:\/\/stoic-curie.212-227-153-4.plesk.page\/hr\/wp-json\/wp\/v2\/product\/3686693","targetHints":{"allow":["GET"]}}],"collection":[{"href":"https:\/\/stoic-curie.212-227-153-4.plesk.page\/hr\/wp-json\/wp\/v2\/product"}],"about":[{"href":"https:\/\/stoic-curie.212-227-153-4.plesk.page\/hr\/wp-json\/wp\/v2\/types\/product"}],"replies":[{"embeddable":true,"href":"https:\/\/stoic-curie.212-227-153-4.plesk.page\/hr\/wp-json\/wp\/v2\/comments?post=3686693"}],"version-history":[{"count":0,"href":"https:\/\/stoic-curie.212-227-153-4.plesk.page\/hr\/wp-json\/wp\/v2\/product\/3686693\/revisions"}],"wp:featuredmedia":[{"embeddable":true,"href":"https:\/\/stoic-curie.212-227-153-4.plesk.page\/hr\/wp-json\/wp\/v2\/media\/5936109"}],"wp:attachment":[{"href":"https:\/\/stoic-curie.212-227-153-4.plesk.page\/hr\/wp-json\/wp\/v2\/media?parent=3686693"}],"wp:term":[{"taxonomy":"product_brand","embeddable":true,"href":"https:\/\/stoic-curie.212-227-153-4.plesk.page\/hr\/wp-json\/wp\/v2\/product_brand?post=3686693"},{"taxonomy":"product_cat","embeddable":true,"href":"https:\/\/stoic-curie.212-227-153-4.plesk.page\/hr\/wp-json\/wp\/v2\/product_cat?post=3686693"},{"taxonomy":"product_tag","embeddable":true,"href":"https:\/\/stoic-curie.212-227-153-4.plesk.page\/hr\/wp-json\/wp\/v2\/product_tag?post=3686693"}],"curies":[{"name":"wp","href":"https:\/\/api.w.org\/{rel}","templated":true}]}}