{"id":3686701,"date":"2025-10-13T13:26:33","date_gmt":"2025-10-13T17:26:33","guid":{"rendered":"https:\/\/stoic-curie.212-227-153-4.plesk.page\/product\/d-skopac-wichard-5mm-pin\/"},"modified":"2026-02-25T00:00:32","modified_gmt":"2026-02-25T00:00:32","slug":"d-skopac-wichard-5mm-pin","status":"publish","type":"product","link":"https:\/\/stoic-curie.212-227-153-4.plesk.page\/hr\/product\/d-skopac-wichard-5mm-pin\/","title":{"rendered":"D \u0161kopac Wichard 5mm Pin"},"content":{"rendered":"<p>D \u0161kopac Wichard 5mm Pin &#8211; <\/p>\n<p>Wichard 316 nehr\u0111aju\u0107i \u010delik samolockni zatvara\u010d Dee. Optere\u0107enje pucanja (BL) testirano i garantirano.<\/p>\n","protected":false},"excerpt":{"rendered":"<p>D \u0161kopac Wichard 5mm Pin &#8211; Wichard 316 nehr\u0111aju\u0107i \u010delik samolockni zatvara\u010d Dee. Optere\u0107enje pucanja (BL) testirano i garantirano.<\/p>\n","protected":false},"featured_media":5936120,"comment_status":"closed","ping_status":"closed","template":"","meta":[],"product_brand":[3536],"product_cat":[1693,1764],"product_tag":[],"class_list":{"0":"post-3686701","1":"product","2":"type-product","3":"status-publish","4":"has-post-thumbnail","6":"product_brand-wichard-hr","7":"product_cat-okovi-od-nehrdajuceg-celika","8":"product_cat-snap-skopci-za-jedrilice","10":"first","11":"outofstock","12":"shipping-taxable","13":"purchasable","14":"product-type-simple"},"_links":{"self":[{"href":"https:\/\/stoic-curie.212-227-153-4.plesk.page\/hr\/wp-json\/wp\/v2\/product\/3686701","targetHints":{"allow":["GET"]}}],"collection":[{"href":"https:\/\/stoic-curie.212-227-153-4.plesk.page\/hr\/wp-json\/wp\/v2\/product"}],"about":[{"href":"https:\/\/stoic-curie.212-227-153-4.plesk.page\/hr\/wp-json\/wp\/v2\/types\/product"}],"replies":[{"embeddable":true,"href":"https:\/\/stoic-curie.212-227-153-4.plesk.page\/hr\/wp-json\/wp\/v2\/comments?post=3686701"}],"version-history":[{"count":0,"href":"https:\/\/stoic-curie.212-227-153-4.plesk.page\/hr\/wp-json\/wp\/v2\/product\/3686701\/revisions"}],"wp:featuredmedia":[{"embeddable":true,"href":"https:\/\/stoic-curie.212-227-153-4.plesk.page\/hr\/wp-json\/wp\/v2\/media\/5936120"}],"wp:attachment":[{"href":"https:\/\/stoic-curie.212-227-153-4.plesk.page\/hr\/wp-json\/wp\/v2\/media?parent=3686701"}],"wp:term":[{"taxonomy":"product_brand","embeddable":true,"href":"https:\/\/stoic-curie.212-227-153-4.plesk.page\/hr\/wp-json\/wp\/v2\/product_brand?post=3686701"},{"taxonomy":"product_cat","embeddable":true,"href":"https:\/\/stoic-curie.212-227-153-4.plesk.page\/hr\/wp-json\/wp\/v2\/product_cat?post=3686701"},{"taxonomy":"product_tag","embeddable":true,"href":"https:\/\/stoic-curie.212-227-153-4.plesk.page\/hr\/wp-json\/wp\/v2\/product_tag?post=3686701"}],"curies":[{"name":"wp","href":"https:\/\/api.w.org\/{rel}","templated":true}]}}