{"id":3686728,"date":"2025-10-13T13:26:40","date_gmt":"2025-10-13T17:26:40","guid":{"rendered":"https:\/\/stoic-curie.212-227-153-4.plesk.page\/product\/jib-snap-kuka-sa-otvorenim-krajem-65-mm\/"},"modified":"2026-02-25T00:00:33","modified_gmt":"2026-02-25T00:00:33","slug":"jib-snap-kuka-sa-otvorenim-krajem-65-mm","status":"publish","type":"product","link":"https:\/\/stoic-curie.212-227-153-4.plesk.page\/hr\/product\/jib-snap-kuka-sa-otvorenim-krajem-65-mm\/","title":{"rendered":"Jib Snap kuka sa otvorenim krajem 65 mm"},"content":{"rendered":"<p>Jib Snap kuka sa otvorenim krajem 65 mm &#8211; <\/p>\n<p>316 Nehr\u0111aju\u0107i \u010delik otvoreni krajnji opru\u017eni jib karabiner. Koristi se za u\u010dvr\u0161\u0107ivanje jiba na okov pramca. \u0160ije se na pojas ili se isprepli\u0107e na u\u017ead, a zatim se oja\u010dava.<\/p>\n","protected":false},"excerpt":{"rendered":"<p>Jib Snap kuka sa otvorenim krajem 65 mm &#8211; 316 Nehr\u0111aju\u0107i \u010delik otvoreni krajnji opru\u017eni jib karabiner. Koristi se za<\/p>\n","protected":false},"featured_media":5936153,"comment_status":"closed","ping_status":"closed","template":"","meta":[],"product_brand":[3121],"product_cat":[1705,1764],"product_tag":[],"class_list":{"0":"post-3686728","1":"product","2":"type-product","3":"status-publish","4":"has-post-thumbnail","6":"product_brand-marinetech-hr","7":"product_cat-karabineri-za-camce","8":"product_cat-snap-skopci-za-jedrilice","10":"first","11":"instock","12":"shipping-taxable","13":"purchasable","14":"product-type-simple"},"_links":{"self":[{"href":"https:\/\/stoic-curie.212-227-153-4.plesk.page\/hr\/wp-json\/wp\/v2\/product\/3686728","targetHints":{"allow":["GET"]}}],"collection":[{"href":"https:\/\/stoic-curie.212-227-153-4.plesk.page\/hr\/wp-json\/wp\/v2\/product"}],"about":[{"href":"https:\/\/stoic-curie.212-227-153-4.plesk.page\/hr\/wp-json\/wp\/v2\/types\/product"}],"replies":[{"embeddable":true,"href":"https:\/\/stoic-curie.212-227-153-4.plesk.page\/hr\/wp-json\/wp\/v2\/comments?post=3686728"}],"version-history":[{"count":0,"href":"https:\/\/stoic-curie.212-227-153-4.plesk.page\/hr\/wp-json\/wp\/v2\/product\/3686728\/revisions"}],"wp:featuredmedia":[{"embeddable":true,"href":"https:\/\/stoic-curie.212-227-153-4.plesk.page\/hr\/wp-json\/wp\/v2\/media\/5936153"}],"wp:attachment":[{"href":"https:\/\/stoic-curie.212-227-153-4.plesk.page\/hr\/wp-json\/wp\/v2\/media?parent=3686728"}],"wp:term":[{"taxonomy":"product_brand","embeddable":true,"href":"https:\/\/stoic-curie.212-227-153-4.plesk.page\/hr\/wp-json\/wp\/v2\/product_brand?post=3686728"},{"taxonomy":"product_cat","embeddable":true,"href":"https:\/\/stoic-curie.212-227-153-4.plesk.page\/hr\/wp-json\/wp\/v2\/product_cat?post=3686728"},{"taxonomy":"product_tag","embeddable":true,"href":"https:\/\/stoic-curie.212-227-153-4.plesk.page\/hr\/wp-json\/wp\/v2\/product_tag?post=3686728"}],"curies":[{"name":"wp","href":"https:\/\/api.w.org\/{rel}","templated":true}]}}