{"id":3686731,"date":"2025-10-13T13:26:41","date_gmt":"2025-10-13T17:26:41","guid":{"rendered":"https:\/\/stoic-curie.212-227-153-4.plesk.page\/product\/karabin-kuka-od-nehrdajuceg-celika-wichard-50mm\/"},"modified":"2026-02-25T00:00:33","modified_gmt":"2026-02-25T00:00:33","slug":"karabin-kuka-od-nehrdajuceg-celika-wichard-50mm","status":"publish","type":"product","link":"https:\/\/stoic-curie.212-227-153-4.plesk.page\/hr\/product\/karabin-kuka-od-nehrdajuceg-celika-wichard-50mm\/","title":{"rendered":"Karabin kuka od nehr\u0111aju\u0107eg \u010delika Wichard 50mm"},"content":{"rendered":"<p>Karabin kuka od nehr\u0111aju\u0107eg \u010delika Wichard 50mm &#8211; <\/p>\n<p>Wichard 316 kovani nehr\u0111aju\u0107i \u010delik s fiksnim okom i brzim otpu\u0161tanjem. Optere\u0107enje rupture (BL) testirano i jam\u010deno.<\/p>\n","protected":false},"excerpt":{"rendered":"<p>Karabin kuka od nehr\u0111aju\u0107eg \u010delika Wichard 50mm &#8211; Wichard 316 kovani nehr\u0111aju\u0107i \u010delik s fiksnim okom i brzim otpu\u0161tanjem. Optere\u0107enje<\/p>\n","protected":false},"featured_media":5936175,"comment_status":"closed","ping_status":"closed","template":"","meta":[],"product_brand":[3536],"product_cat":[1705,1764],"product_tag":[],"class_list":{"0":"post-3686731","1":"product","2":"type-product","3":"status-publish","4":"has-post-thumbnail","6":"product_brand-wichard-hr","7":"product_cat-karabineri-za-camce","8":"product_cat-snap-skopci-za-jedrilice","10":"first","11":"instock","12":"shipping-taxable","13":"purchasable","14":"product-type-simple"},"_links":{"self":[{"href":"https:\/\/stoic-curie.212-227-153-4.plesk.page\/hr\/wp-json\/wp\/v2\/product\/3686731","targetHints":{"allow":["GET"]}}],"collection":[{"href":"https:\/\/stoic-curie.212-227-153-4.plesk.page\/hr\/wp-json\/wp\/v2\/product"}],"about":[{"href":"https:\/\/stoic-curie.212-227-153-4.plesk.page\/hr\/wp-json\/wp\/v2\/types\/product"}],"replies":[{"embeddable":true,"href":"https:\/\/stoic-curie.212-227-153-4.plesk.page\/hr\/wp-json\/wp\/v2\/comments?post=3686731"}],"version-history":[{"count":0,"href":"https:\/\/stoic-curie.212-227-153-4.plesk.page\/hr\/wp-json\/wp\/v2\/product\/3686731\/revisions"}],"wp:featuredmedia":[{"embeddable":true,"href":"https:\/\/stoic-curie.212-227-153-4.plesk.page\/hr\/wp-json\/wp\/v2\/media\/5936175"}],"wp:attachment":[{"href":"https:\/\/stoic-curie.212-227-153-4.plesk.page\/hr\/wp-json\/wp\/v2\/media?parent=3686731"}],"wp:term":[{"taxonomy":"product_brand","embeddable":true,"href":"https:\/\/stoic-curie.212-227-153-4.plesk.page\/hr\/wp-json\/wp\/v2\/product_brand?post=3686731"},{"taxonomy":"product_cat","embeddable":true,"href":"https:\/\/stoic-curie.212-227-153-4.plesk.page\/hr\/wp-json\/wp\/v2\/product_cat?post=3686731"},{"taxonomy":"product_tag","embeddable":true,"href":"https:\/\/stoic-curie.212-227-153-4.plesk.page\/hr\/wp-json\/wp\/v2\/product_tag?post=3686731"}],"curies":[{"name":"wp","href":"https:\/\/api.w.org\/{rel}","templated":true}]}}