{"id":3686738,"date":"2025-10-13T13:26:46","date_gmt":"2025-10-13T17:26:46","guid":{"rendered":"https:\/\/stoic-curie.212-227-153-4.plesk.page\/product\/okretna-kopca-od-nehrdajuceg-celika-32-mm\/"},"modified":"2026-02-25T00:00:33","modified_gmt":"2026-02-25T00:00:33","slug":"okretna-kopca-od-nehrdajuceg-celika-32-mm","status":"publish","type":"product","link":"https:\/\/stoic-curie.212-227-153-4.plesk.page\/hr\/product\/okretna-kopca-od-nehrdajuceg-celika-32-mm\/","title":{"rendered":"Okretna kop\u010da od nehr\u0111aju\u0107eg \u010delika 32 mm"},"content":{"rendered":"<p>Okretna kop\u010da od nehr\u0111aju\u0107eg \u010delika 32 mm &#8211; <\/p>\n<p>Dvostruka okretna kop\u010da za pri\u010dvr\u0161\u0107ivanje na drvo, stakloplastiku ili metal. Promjer rupa za vijak: 4 mm.<\/p>\n","protected":false},"excerpt":{"rendered":"<p>Okretna kop\u010da od nehr\u0111aju\u0107eg \u010delika 32 mm &#8211; Dvostruka okretna kop\u010da za pri\u010dvr\u0161\u0107ivanje na drvo, stakloplastiku ili metal. Promjer rupa<\/p>\n","protected":false},"featured_media":5936224,"comment_status":"closed","ping_status":"closed","template":"","meta":[],"product_brand":[3076],"product_cat":[1689,1703],"product_tag":[],"class_list":{"0":"post-3686738","1":"product","2":"type-product","3":"status-publish","4":"has-post-thumbnail","6":"product_brand-loxx-hr","7":"product_cat-bimini-tende","8":"product_cat-hardver-za-navlake-i-bimini","10":"first","11":"instock","12":"shipping-taxable","13":"purchasable","14":"product-type-simple"},"_links":{"self":[{"href":"https:\/\/stoic-curie.212-227-153-4.plesk.page\/hr\/wp-json\/wp\/v2\/product\/3686738","targetHints":{"allow":["GET"]}}],"collection":[{"href":"https:\/\/stoic-curie.212-227-153-4.plesk.page\/hr\/wp-json\/wp\/v2\/product"}],"about":[{"href":"https:\/\/stoic-curie.212-227-153-4.plesk.page\/hr\/wp-json\/wp\/v2\/types\/product"}],"replies":[{"embeddable":true,"href":"https:\/\/stoic-curie.212-227-153-4.plesk.page\/hr\/wp-json\/wp\/v2\/comments?post=3686738"}],"version-history":[{"count":0,"href":"https:\/\/stoic-curie.212-227-153-4.plesk.page\/hr\/wp-json\/wp\/v2\/product\/3686738\/revisions"}],"wp:featuredmedia":[{"embeddable":true,"href":"https:\/\/stoic-curie.212-227-153-4.plesk.page\/hr\/wp-json\/wp\/v2\/media\/5936224"}],"wp:attachment":[{"href":"https:\/\/stoic-curie.212-227-153-4.plesk.page\/hr\/wp-json\/wp\/v2\/media?parent=3686738"}],"wp:term":[{"taxonomy":"product_brand","embeddable":true,"href":"https:\/\/stoic-curie.212-227-153-4.plesk.page\/hr\/wp-json\/wp\/v2\/product_brand?post=3686738"},{"taxonomy":"product_cat","embeddable":true,"href":"https:\/\/stoic-curie.212-227-153-4.plesk.page\/hr\/wp-json\/wp\/v2\/product_cat?post=3686738"},{"taxonomy":"product_tag","embeddable":true,"href":"https:\/\/stoic-curie.212-227-153-4.plesk.page\/hr\/wp-json\/wp\/v2\/product_tag?post=3686738"}],"curies":[{"name":"wp","href":"https:\/\/api.w.org\/{rel}","templated":true}]}}