{"id":3686744,"date":"2025-10-13T13:26:48","date_gmt":"2025-10-13T17:26:48","guid":{"rendered":"https:\/\/stoic-curie.212-227-153-4.plesk.page\/product\/set-od-12-usica-pvc-u-plavoj-boji-15-x-35-mm\/"},"modified":"2026-02-25T00:00:33","modified_gmt":"2026-02-25T00:00:33","slug":"set-od-12-usica-pvc-u-plavoj-boji-15-x-35-mm","status":"publish","type":"product","link":"https:\/\/stoic-curie.212-227-153-4.plesk.page\/hr\/product\/set-od-12-usica-pvc-u-plavoj-boji-15-x-35-mm\/","title":{"rendered":"Set od 12 u\u0161ica, Pvc u plavoj boji 15 x 35 mm"},"content":{"rendered":"<p>Set od 12 u\u0161ica, Pvc u plavoj boji 15 x 35 mm &#8211; <\/p>\n<p>Plasti\u010dna okna. Montiraju se jednostavnim udarcem \u010deki\u0107a. Unutarnji promjer 15 mm \/ vanjski promjer 35 mm. Pakiranje sadr\u017ei 12 komada.<\/p>\n","protected":false},"excerpt":{"rendered":"<p>Set od 12 u\u0161ica, Pvc u plavoj boji 15 x 35 mm &#8211; Plasti\u010dna okna. Montiraju se jednostavnim udarcem \u010deki\u0107a.<\/p>\n","protected":false},"featured_media":5936237,"comment_status":"closed","ping_status":"closed","template":"","meta":[],"product_brand":[3186],"product_cat":[1689,1703],"product_tag":[],"class_list":{"0":"post-3686744","1":"product","2":"type-product","3":"status-publish","4":"has-post-thumbnail","6":"product_brand-nettuno-hr","7":"product_cat-bimini-tende","8":"product_cat-hardver-za-navlake-i-bimini","10":"first","11":"instock","12":"shipping-taxable","13":"purchasable","14":"product-type-simple"},"_links":{"self":[{"href":"https:\/\/stoic-curie.212-227-153-4.plesk.page\/hr\/wp-json\/wp\/v2\/product\/3686744","targetHints":{"allow":["GET"]}}],"collection":[{"href":"https:\/\/stoic-curie.212-227-153-4.plesk.page\/hr\/wp-json\/wp\/v2\/product"}],"about":[{"href":"https:\/\/stoic-curie.212-227-153-4.plesk.page\/hr\/wp-json\/wp\/v2\/types\/product"}],"replies":[{"embeddable":true,"href":"https:\/\/stoic-curie.212-227-153-4.plesk.page\/hr\/wp-json\/wp\/v2\/comments?post=3686744"}],"version-history":[{"count":0,"href":"https:\/\/stoic-curie.212-227-153-4.plesk.page\/hr\/wp-json\/wp\/v2\/product\/3686744\/revisions"}],"wp:featuredmedia":[{"embeddable":true,"href":"https:\/\/stoic-curie.212-227-153-4.plesk.page\/hr\/wp-json\/wp\/v2\/media\/5936237"}],"wp:attachment":[{"href":"https:\/\/stoic-curie.212-227-153-4.plesk.page\/hr\/wp-json\/wp\/v2\/media?parent=3686744"}],"wp:term":[{"taxonomy":"product_brand","embeddable":true,"href":"https:\/\/stoic-curie.212-227-153-4.plesk.page\/hr\/wp-json\/wp\/v2\/product_brand?post=3686744"},{"taxonomy":"product_cat","embeddable":true,"href":"https:\/\/stoic-curie.212-227-153-4.plesk.page\/hr\/wp-json\/wp\/v2\/product_cat?post=3686744"},{"taxonomy":"product_tag","embeddable":true,"href":"https:\/\/stoic-curie.212-227-153-4.plesk.page\/hr\/wp-json\/wp\/v2\/product_tag?post=3686744"}],"curies":[{"name":"wp","href":"https:\/\/api.w.org\/{rel}","templated":true}]}}